{"id":204,"date":"2023-10-16T08:57:07","date_gmt":"2023-10-16T06:57:07","guid":{"rendered":"https:\/\/apesanteur.net\/?page_id=204"},"modified":"2023-11-10T15:50:11","modified_gmt":"2023-11-10T14:50:11","slug":"nos-metiers","status":"publish","type":"page","link":"https:\/\/apesanteur.net\/index.php\/nos-metiers\/","title":{"rendered":"Nos m\u00e9tiers"},"content":{"rendered":"\n<h1>\n\t\tNos m\u00e9tiers\n\t<\/h1>\n\t<h4>Nous comprenons l&rsquo;importance de minimiser les interruptions dans la vie urbaine, c&rsquo;est pourquoi nous nous effor\u00e7ons de r\u00e9aliser nos interventions de mani\u00e8re efficace et rapide.<\/h4>\n\t\t\t<a href=\"https:\/\/apesanteur.net\/index.php\/a-propos\/\" target=\"_self\" rel=\"noopener\">\n\t\t\t\t\t\t\tQui sommes-nous ?\n\t\t\t\t\t<\/a>\n\t\t<h4>\n\t\t\tNos services comprennent une large gamme d&rsquo;interventions\n\t\t<\/h4>\n\t\t\t\t\t\t\t\t\t\t<h4>Tuyauteries, goutti\u00e8res &#038; ch\u00eaneaux <\/h4>\n\t\t\t\t\t\t\t\t\u2705 Cr\u00e9ation ou remplacement de descentes d&rsquo;eaux pluviales ou eaux us\u00e9e (ZINC, PVC&#8230;)\u2705 Remplacement goutti\u00e8res et ch\u00eaneaux Marseillais (ZINC,PVC&#8230;)\u00a0\u2705 Remplacement descentes en ZINC et PVC pluviale\u2705 Remplacement descentes des eaux us\u00e9es.\t\t\t\t\t\t\t\n\t\t\t\t\t\t\t\t\t\t<h4>Nettoyage<\/h4>\n\t\t\t\t\t\t\t\t<p>\u2705 Nettoyage structure<br \/>\u2705 Nettoyage de vitres<\/p>\t\t\t\t\t\t\t\n\t\t\t\t\t\t\t\t\t\t<h4>Ma\u00e7onnerie<\/h4>\n\t\t\t\t\t\t\t\t<p>\u2705 Sondage, purge et d\u00e9pose d&rsquo;\u00e9l\u00e9ments instables ou mena\u00e7ants\u00a0<br \/>\u2705 R\u00e9paration d&rsquo;appuis de fen\u00eatre, linteaux, nez de balcons au mortier fibr\u00e9 sur b\u00e2timent b\u00e9ton<br \/>\u2705 R\u00e9paration mortier pierre et moulures sur fa\u00e7ade ancienne\u00a0<br \/>\u2705 Remplacement de gonds de volet\u00a0<br \/>\u2705 Enduits \u00e0 la chaux sur fa\u00e7ade ancienne<br \/>\u2705 Enduit fa\u00e7ade sur fa\u00e7ade neuve<br \/>\u2705 Coffrage sp\u00e9ciaux\u00a0<\/p>\t\t\t\t\t\t\t\n\t\t\t\t\t\t\t\t\t\t<h4>Peinture &#038; \u00e9tanch\u00e9it\u00e9<\/h4>\n\t\t\t\t\t\t\t\t<p><strong>Peinture :<br \/><\/strong><strong>\u2705\u00a0<\/strong>Peinture sur fa\u00e7ade<br \/><strong>\u2705\u00a0<\/strong>Badigeon \u00e0 la chaux\u00a0<br \/><strong>\u2705\u00a0<\/strong>Peinture sur structure m\u00e9tallique\u00a0<strong>\u00c9tanch\u00e9it\u00e9 :<br \/><\/strong><strong>\u2705\u00a0<\/strong>R\u00e9fection des joints de dilatation fa\u00e7ade<br \/><strong>\u2705\u00a0<\/strong>Traitement des fissures<br \/><strong>\u2705\u00a0<\/strong>Traitement des joints de pierre\u00a0<br \/><strong>\u2705\u00a0<\/strong>Carrotage\u00a0<\/p>\t\t\t\t\t\t\t\n\t\t\t\t\t\t\t\t\t\t<h4>Toiture<\/h4>\n\t\t\t\t\t\t\t\t<p>\u2705 R\u00e9fection de verri\u00e8re<br \/>\u2705 R\u00e9fection de chemin\u00e9e<br \/>\u2705 Petites r\u00e9paration toiture.<br \/>\u2705 Pose de fen\u00eatre de toit<br \/>\u2705 Pose de couvertine zinc\/ alu<br \/>\u2705 R\u00e9alisation de solin<br \/>\u2705 Remplacement des ch\u00eaneaux\/ goutti\u00e8res.<br \/>\u2705 \u00c9tanch\u00e9it\u00e9 membranes bitumineuse<\/p>\t\t\t\t\t\t\t\n\t\t\t\t\t\t\t\t\t\t<h4>Inspection<\/h4>\n\t\t\t\t\t\t\t\t<p>\u2705 \u00c9valuation de l&rsquo;\u00e9tat de vos structures, de vos fa\u00e7ades ou de vos infrastructures urbaines<br \/>\u2705 Livraison d&rsquo;un rapport d\u00e9taill\u00e9 pour faciliter la planification des travaux futurs<\/p>\t\t\t\t\t\t\t\n\t\t\t\t\t\t\t\t\t\t<h4>Travaux de maintenance<\/h4>\n\t\t\t\t\t\t\t\t<p>\u2705 Maintenance pr\u00e9ventive\u00a0\u00a0<br \/>\u2705 Maintenance r\u00e9guli\u00e8re<\/p>\t\t\t\t\t\t\t\n\t\t\t\t\t\t\t\t\t\t<h4>Anti-volatile<\/h4>\n\t\t\t\t\t\t\t\t<p>\u2705 Pose de pics anti pigeon<br \/>\u2705 Pose de filet anti volatile<br \/>\u2705 Pose de grillage autour des verri\u00e8res\/ toiture sous tuiles<\/p>\t\t\t\t\t\t\t\n\t\t\t\t\t\t\t\t\t\t<h4>Filets et b\u00e2ches publicitaires<\/h4>\n\t\t\t\t\t\t\t\t<p>\u2705 Pose de filet de protection fa\u00e7ade<br \/>\u2705 Pose de filet anti chute homme<br \/>\u2705 Pose de b\u00e2ches publicitaire.<\/p>\t\t\t\t\t\t\t\n\t\t\t\t\t\t\t\t\t\t<h4>Ligne de vie<\/h4>\n\t\t\t\t\t\t\t\t<p>\u2705 Installation de ligne de vie temporaire<br \/>\u2705 Installation de ligne de vie fixe<br \/>\u2705 Pose de point d&rsquo;ancrage<br \/>\u2705 Pose de garde corps<\/p>\t\t\t\t\t\t\t\n\t\t\t\t\t\t\t\t\t\t<h4>Tuyaux de d\u00e9senfumage<\/h4>\n\t\t\t\t\t\t\t\t<p>\u2705 Installation de gaines d&rsquo;\u00e9vacuation pour restaurant\/ h\u00f4pitaux\u00a0<\/p>\t\t\t\t\t\t\t\n\t\t\t\t\t\t\t\t\t\t<h4>Carottage<\/h4>\n\t\t<h3>\n\t\t\tVotre tranquillit\u00e9 d&rsquo;esprit est notre priorit\u00e9\n\t\t<\/h3>\n\t\t\t<p>Chez Apesanteur, nous nous engageons \u00e0 respecter les normes de s\u00e9curit\u00e9 les plus strictes et \u00e0 utiliser les \u00e9quipements les plus avanc\u00e9s pour garantir la s\u00e9curit\u00e9 de nos \u00e9quipes et des passants.<\/p>\t\t\n\t\t\t\t\t\t\t\t<a href=\"http:\/\/apesanteur.net\/\" target=\"_self\" itemprop=\"url\" rel=\"noopener\">\n\t\t\t\t\t\t\t\t\t<img decoding=\"async\" src=\"http:\/\/apesanteur.net\/wp-content\/uploads\/2023\/09\/logo_apesanteur_blanc.png\" alt=\"logo_apesanteur_blanc\" itemprop=\"image\" srcset=\"https:\/\/apesanteur.net\/wp-content\/uploads\/2023\/09\/logo_apesanteur_blanc.png 1504w, https:\/\/apesanteur.net\/wp-content\/uploads\/2023\/09\/logo_apesanteur_blanc-300x143.png 300w, https:\/\/apesanteur.net\/wp-content\/uploads\/2023\/09\/logo_apesanteur_blanc-1024x487.png 1024w, https:\/\/apesanteur.net\/wp-content\/uploads\/2023\/09\/logo_apesanteur_blanc-768x366.png 768w\" sizes=\"(max-width: 1504px) 100vw, 1504px\" title=\"logo_apesanteur_blanc\" onerror=\"this.style.display='none'\"  \/>\n\t\t\t\t\t\t\t\t\t\t\t\t\t<\/a>\n\t<h4>Acc\u00e8s rapides<\/h4>\n<a href=\"https:\/\/apesanteur.net\/index.php\/a-propos\/\">A propos<\/a><br \/>\n<a href=\"https:\/\/apesanteur.net\/index.php\/nos-metiers\/\">Nos m\u00e9tiers<\/a><br \/>\n<a href=\"https:\/\/apesanteur.net\/index.php\/nos-realisations\/\">Nos r\u00e9alisations<\/a><br \/>\n<a href=\"https:\/\/apesanteur.net\/index.php\/nos-partenaires\/\">Nos partenaires<\/a>\n\t\t\t<a href=\"https:\/\/apesanteur.net\/index.php\/contact\/\" target=\"_self\" rel=\"noopener\">\n\t\t\t\t\t\t\tNous \u00e9crire\n\t\t\t\t\t<\/a>\n\t<h4>Nous contacter<\/h4>\n1 Rue de Mondovi<br \/>\n13006 Marseille\n09 87 11 00 38<br \/>\n06 08 70 04 29<br \/>\n<a href=\"mailto:apesanteursarl@gmail.com\">apesanteursarl@gmail.com<\/a>\n\t<p><a href=\"https:\/\/apesanteur.net\/index.php\/mentions-legales\/\">Mentions l\u00e9gales<\/a> \u00b7 <a href=\"https:\/\/apesanteur.net\/index.php\/politique-de-donnees-personnelles\/\">Politique de donn\u00e9es personnelles<\/a><\/p>\n\n","protected":false},"excerpt":{"rendered":"<p>Nos m\u00e9tiers Nous comprenons l&rsquo;importance de minimiser les interruptions dans la vie urbaine, c&rsquo;est pourquoi nous nous effor\u00e7ons de r\u00e9aliser nos interventions de mani\u00e8re efficace et rapide. Qui sommes-nous ? Nos services comprennent une large gamme d&rsquo;interventions Tuyauteries, goutti\u00e8res &#038; ch\u00eaneaux \u2705 Cr\u00e9ation ou remplacement de descentes d&rsquo;eaux pluviales ou eaux us\u00e9e (ZINC, PVC&#8230;)\u2705 Remplacement&hellip;<\/p>\n","protected":false},"author":1,"featured_media":0,"parent":0,"menu_order":0,"comment_status":"closed","ping_status":"closed","template":"","meta":{"footnotes":""},"class_list":["post-204","page","type-page","status-publish","hentry"],"yoast_head":"<!-- This site is optimized with the Yoast SEO plugin v26.9 - https:\/\/yoast.com\/product\/yoast-seo-wordpress\/ -->\n<title>Nos m\u00e9tiers - Apesanteur<\/title>\n<meta name=\"robots\" content=\"index, follow, max-snippet:-1, max-image-preview:large, max-video-preview:-1\" \/>\n<link rel=\"canonical\" href=\"https:\/\/apesanteur.net\/index.php\/nos-metiers\/\" \/>\n<meta property=\"og:locale\" content=\"fr_FR\" \/>\n<meta property=\"og:type\" content=\"article\" \/>\n<meta property=\"og:title\" content=\"Nos m\u00e9tiers - Apesanteur\" \/>\n<meta property=\"og:description\" content=\"Nos m\u00e9tiers Nous comprenons l&rsquo;importance de minimiser les interruptions dans la vie urbaine, c&rsquo;est pourquoi nous nous effor\u00e7ons de r\u00e9aliser nos interventions de mani\u00e8re efficace et rapide. Qui sommes-nous ? Nos services comprennent une large gamme d&rsquo;interventions Tuyauteries, goutti\u00e8res &#038; ch\u00eaneaux \u2705 Cr\u00e9ation ou remplacement de descentes d&rsquo;eaux pluviales ou eaux us\u00e9e (ZINC, PVC&#8230;)\u2705 Remplacement&hellip;\" \/>\n<meta property=\"og:url\" content=\"https:\/\/apesanteur.net\/index.php\/nos-metiers\/\" \/>\n<meta property=\"og:site_name\" content=\"Apesanteur\" \/>\n<meta property=\"article:modified_time\" content=\"2023-11-10T14:50:11+00:00\" \/>\n<meta property=\"og:image\" content=\"http:\/\/apesanteur.net\/wp-content\/uploads\/2023\/09\/logo_apesanteur_blanc.png\" \/>\n<meta name=\"twitter:card\" content=\"summary_large_image\" \/>\n<meta name=\"twitter:label1\" content=\"Dur\u00e9e de lecture estim\u00e9e\" \/>\n\t<meta name=\"twitter:data1\" content=\"2 minutes\" \/>\n<script type=\"application\/ld+json\" class=\"yoast-schema-graph\">{\"@context\":\"https:\/\/schema.org\",\"@graph\":[{\"@type\":\"WebPage\",\"@id\":\"https:\/\/apesanteur.net\/index.php\/nos-metiers\/\",\"url\":\"https:\/\/apesanteur.net\/index.php\/nos-metiers\/\",\"name\":\"Nos m\u00e9tiers - Apesanteur\",\"isPartOf\":{\"@id\":\"https:\/\/apesanteur.net\/#website\"},\"primaryImageOfPage\":{\"@id\":\"https:\/\/apesanteur.net\/index.php\/nos-metiers\/#primaryimage\"},\"image\":{\"@id\":\"https:\/\/apesanteur.net\/index.php\/nos-metiers\/#primaryimage\"},\"thumbnailUrl\":\"http:\/\/apesanteur.net\/wp-content\/uploads\/2023\/09\/logo_apesanteur_blanc.png\",\"datePublished\":\"2023-10-16T06:57:07+00:00\",\"dateModified\":\"2023-11-10T14:50:11+00:00\",\"breadcrumb\":{\"@id\":\"https:\/\/apesanteur.net\/index.php\/nos-metiers\/#breadcrumb\"},\"inLanguage\":\"fr-FR\",\"potentialAction\":[{\"@type\":\"ReadAction\",\"target\":[\"https:\/\/apesanteur.net\/index.php\/nos-metiers\/\"]}]},{\"@type\":\"ImageObject\",\"inLanguage\":\"fr-FR\",\"@id\":\"https:\/\/apesanteur.net\/index.php\/nos-metiers\/#primaryimage\",\"url\":\"http:\/\/apesanteur.net\/wp-content\/uploads\/2023\/09\/logo_apesanteur_blanc.png\",\"contentUrl\":\"http:\/\/apesanteur.net\/wp-content\/uploads\/2023\/09\/logo_apesanteur_blanc.png\"},{\"@type\":\"BreadcrumbList\",\"@id\":\"https:\/\/apesanteur.net\/index.php\/nos-metiers\/#breadcrumb\",\"itemListElement\":[{\"@type\":\"ListItem\",\"position\":1,\"name\":\"Accueil\",\"item\":\"https:\/\/apesanteur.net\/\"},{\"@type\":\"ListItem\",\"position\":2,\"name\":\"Nos m\u00e9tiers\"}]},{\"@type\":\"WebSite\",\"@id\":\"https:\/\/apesanteur.net\/#website\",\"url\":\"https:\/\/apesanteur.net\/\",\"name\":\"Apesanteur\",\"description\":\"Partenaire de vos travaux d&#039;acc\u00e8s difficiles en milieu industriel et urbain\",\"publisher\":{\"@id\":\"https:\/\/apesanteur.net\/#organization\"},\"alternateName\":\"Apensanteur\",\"potentialAction\":[{\"@type\":\"SearchAction\",\"target\":{\"@type\":\"EntryPoint\",\"urlTemplate\":\"https:\/\/apesanteur.net\/?s={search_term_string}\"},\"query-input\":{\"@type\":\"PropertyValueSpecification\",\"valueRequired\":true,\"valueName\":\"search_term_string\"}}],\"inLanguage\":\"fr-FR\"},{\"@type\":\"Organization\",\"@id\":\"https:\/\/apesanteur.net\/#organization\",\"name\":\"Apesanteur\",\"alternateName\":\"Apesanteur\",\"url\":\"https:\/\/apesanteur.net\/\",\"logo\":{\"@type\":\"ImageObject\",\"inLanguage\":\"fr-FR\",\"@id\":\"https:\/\/apesanteur.net\/#\/schema\/logo\/image\/\",\"url\":\"https:\/\/apesanteur.net\/wp-content\/uploads\/2023\/09\/logo_apesanteur_coul.png\",\"contentUrl\":\"https:\/\/apesanteur.net\/wp-content\/uploads\/2023\/09\/logo_apesanteur_coul.png\",\"width\":1504,\"height\":716,\"caption\":\"Apesanteur\"},\"image\":{\"@id\":\"https:\/\/apesanteur.net\/#\/schema\/logo\/image\/\"}}]}<\/script>\n<!-- \/ Yoast SEO plugin. -->","yoast_head_json":{"title":"Nos m\u00e9tiers - Apesanteur","robots":{"index":"index","follow":"follow","max-snippet":"max-snippet:-1","max-image-preview":"max-image-preview:large","max-video-preview":"max-video-preview:-1"},"canonical":"https:\/\/apesanteur.net\/index.php\/nos-metiers\/","og_locale":"fr_FR","og_type":"article","og_title":"Nos m\u00e9tiers - Apesanteur","og_description":"Nos m\u00e9tiers Nous comprenons l&rsquo;importance de minimiser les interruptions dans la vie urbaine, c&rsquo;est pourquoi nous nous effor\u00e7ons de r\u00e9aliser nos interventions de mani\u00e8re efficace et rapide. Qui sommes-nous ? Nos services comprennent une large gamme d&rsquo;interventions Tuyauteries, goutti\u00e8res &#038; ch\u00eaneaux \u2705 Cr\u00e9ation ou remplacement de descentes d&rsquo;eaux pluviales ou eaux us\u00e9e (ZINC, PVC&#8230;)\u2705 Remplacement&hellip;","og_url":"https:\/\/apesanteur.net\/index.php\/nos-metiers\/","og_site_name":"Apesanteur","article_modified_time":"2023-11-10T14:50:11+00:00","og_image":[{"url":"http:\/\/apesanteur.net\/wp-content\/uploads\/2023\/09\/logo_apesanteur_blanc.png","type":"","width":"","height":""}],"twitter_card":"summary_large_image","twitter_misc":{"Dur\u00e9e de lecture estim\u00e9e":"2 minutes"},"schema":{"@context":"https:\/\/schema.org","@graph":[{"@type":"WebPage","@id":"https:\/\/apesanteur.net\/index.php\/nos-metiers\/","url":"https:\/\/apesanteur.net\/index.php\/nos-metiers\/","name":"Nos m\u00e9tiers - Apesanteur","isPartOf":{"@id":"https:\/\/apesanteur.net\/#website"},"primaryImageOfPage":{"@id":"https:\/\/apesanteur.net\/index.php\/nos-metiers\/#primaryimage"},"image":{"@id":"https:\/\/apesanteur.net\/index.php\/nos-metiers\/#primaryimage"},"thumbnailUrl":"http:\/\/apesanteur.net\/wp-content\/uploads\/2023\/09\/logo_apesanteur_blanc.png","datePublished":"2023-10-16T06:57:07+00:00","dateModified":"2023-11-10T14:50:11+00:00","breadcrumb":{"@id":"https:\/\/apesanteur.net\/index.php\/nos-metiers\/#breadcrumb"},"inLanguage":"fr-FR","potentialAction":[{"@type":"ReadAction","target":["https:\/\/apesanteur.net\/index.php\/nos-metiers\/"]}]},{"@type":"ImageObject","inLanguage":"fr-FR","@id":"https:\/\/apesanteur.net\/index.php\/nos-metiers\/#primaryimage","url":"http:\/\/apesanteur.net\/wp-content\/uploads\/2023\/09\/logo_apesanteur_blanc.png","contentUrl":"http:\/\/apesanteur.net\/wp-content\/uploads\/2023\/09\/logo_apesanteur_blanc.png"},{"@type":"BreadcrumbList","@id":"https:\/\/apesanteur.net\/index.php\/nos-metiers\/#breadcrumb","itemListElement":[{"@type":"ListItem","position":1,"name":"Accueil","item":"https:\/\/apesanteur.net\/"},{"@type":"ListItem","position":2,"name":"Nos m\u00e9tiers"}]},{"@type":"WebSite","@id":"https:\/\/apesanteur.net\/#website","url":"https:\/\/apesanteur.net\/","name":"Apesanteur","description":"Partenaire de vos travaux d&#039;acc\u00e8s difficiles en milieu industriel et urbain","publisher":{"@id":"https:\/\/apesanteur.net\/#organization"},"alternateName":"Apensanteur","potentialAction":[{"@type":"SearchAction","target":{"@type":"EntryPoint","urlTemplate":"https:\/\/apesanteur.net\/?s={search_term_string}"},"query-input":{"@type":"PropertyValueSpecification","valueRequired":true,"valueName":"search_term_string"}}],"inLanguage":"fr-FR"},{"@type":"Organization","@id":"https:\/\/apesanteur.net\/#organization","name":"Apesanteur","alternateName":"Apesanteur","url":"https:\/\/apesanteur.net\/","logo":{"@type":"ImageObject","inLanguage":"fr-FR","@id":"https:\/\/apesanteur.net\/#\/schema\/logo\/image\/","url":"https:\/\/apesanteur.net\/wp-content\/uploads\/2023\/09\/logo_apesanteur_coul.png","contentUrl":"https:\/\/apesanteur.net\/wp-content\/uploads\/2023\/09\/logo_apesanteur_coul.png","width":1504,"height":716,"caption":"Apesanteur"},"image":{"@id":"https:\/\/apesanteur.net\/#\/schema\/logo\/image\/"}}]}},"_links":{"self":[{"href":"https:\/\/apesanteur.net\/index.php\/wp-json\/wp\/v2\/pages\/204","targetHints":{"allow":["GET"]}}],"collection":[{"href":"https:\/\/apesanteur.net\/index.php\/wp-json\/wp\/v2\/pages"}],"about":[{"href":"https:\/\/apesanteur.net\/index.php\/wp-json\/wp\/v2\/types\/page"}],"author":[{"embeddable":true,"href":"https:\/\/apesanteur.net\/index.php\/wp-json\/wp\/v2\/users\/1"}],"replies":[{"embeddable":true,"href":"https:\/\/apesanteur.net\/index.php\/wp-json\/wp\/v2\/comments?post=204"}],"version-history":[{"count":30,"href":"https:\/\/apesanteur.net\/index.php\/wp-json\/wp\/v2\/pages\/204\/revisions"}],"predecessor-version":[{"id":465,"href":"https:\/\/apesanteur.net\/index.php\/wp-json\/wp\/v2\/pages\/204\/revisions\/465"}],"wp:attachment":[{"href":"https:\/\/apesanteur.net\/index.php\/wp-json\/wp\/v2\/media?parent=204"}],"curies":[{"name":"wp","href":"https:\/\/api.w.org\/{rel}","templated":true}]}}