{"id":215,"date":"2023-10-16T09:18:03","date_gmt":"2023-10-16T07:18:03","guid":{"rendered":"https:\/\/apesanteur.net\/?page_id=215"},"modified":"2025-11-06T17:11:41","modified_gmt":"2025-11-06T16:11:41","slug":"nos-realisations","status":"publish","type":"page","link":"https:\/\/apesanteur.net\/index.php\/nos-realisations\/","title":{"rendered":"Nos r\u00e9alisations"},"content":{"rendered":"\n<h1>\n\t\t\tNos r\u00e9alisations\t<\/h1>\n\t<h4>Faites confiance \u00e0 notre expertise et \u00e0 notre engagement en mati\u00e8re de s\u00e9curit\u00e9 pour des travaux sur corde urbains de haute qualit\u00e9.<\/h4>\n\t<p>Forte de nombreuses ann\u00e9es d&rsquo;exp\u00e9rience, notre \u00e9quipe de professionnels qualifi\u00e9s est pr\u00eate \u00e0 relever tous les d\u00e9fis, que ce soit pour des projets de maintenance, de r\u00e9paration, d&rsquo;inspection ou de nettoyage en hauteur.<\/p>\n\t\t\tToutes\n\t\t<ul>\n\t\t\t\t\t\t<li id=\"pp-gallery--0\" data-filter=\"*\">Toutes<\/li>\n\t\t\t\t\t<li id=\"pp-gallery--1\" data-filter=\".pp-group-1\">Ma\u00e7onnerie &#038; Peinture<\/li><li id=\"pp-gallery--2\" data-filter=\".pp-group-2\">Tuyaux de d\u00e9senfumage<\/li><li id=\"pp-gallery--3\" data-filter=\".pp-group-3\">Carottage<\/li>\t\t<\/ul>\n\t\t\t\t<a href=\"https:\/\/apesanteur.net\/wp-content\/uploads\/2025\/11\/Enduit-et-peinture-sur-facade-a-Marseille-avant-rotated.jpeg\" target=\"_self\">\n\t\t\t\t<img loading=\"lazy\" decoding=\"async\" src=\"https:\/\/apesanteur.net\/wp-content\/uploads\/2025\/11\/Enduit-et-peinture-sur-facade-a-Marseille-avant-rotated.jpeg\" alt=\"\" data-no-lazy=\"1\" width=\"480\" height=\"640\" \/>\n\t\t\t\t\t\t\t\t\t\tEnduit et peinture sur fac\u0327ade a\u0300 Marseille avant\n\t\t\t\t\t\t<\/a>\n\t\t\t\t<a href=\"https:\/\/apesanteur.net\/wp-content\/uploads\/2025\/11\/Enduit-et-peinture-sur-facade-a-Marseille-apres-rotated.jpeg\" target=\"_self\">\n\t\t\t\t<img loading=\"lazy\" decoding=\"async\" src=\"https:\/\/apesanteur.net\/wp-content\/uploads\/2025\/11\/Enduit-et-peinture-sur-facade-a-Marseille-apres-rotated.jpeg\" alt=\"\" data-no-lazy=\"1\" width=\"480\" height=\"640\" \/>\n\t\t\t\t\t\t\t\t\t\tEnduit et peinture sur fac\u0327ade a\u0300 Marseille apre\u0300s\n\t\t\t\t\t\t<\/a>\n\t\t\t\t<a href=\"https:\/\/apesanteur.net\/wp-content\/uploads\/2023\/11\/IMG_2401-rotated.jpeg\" target=\"_self\">\n\t\t\t\t<img loading=\"lazy\" decoding=\"async\" src=\"https:\/\/apesanteur.net\/wp-content\/uploads\/2023\/11\/IMG_2401-rotated.jpeg\" alt=\"\" data-no-lazy=\"1\" width=\"480\" height=\"640\" \/>\n\t\t\t\t\t\t\t\t\t\tInstallation d&rsquo;une gaine chaufferie \u00e0 Nice\n\t\t\t\t\t\t<\/a>\n\t\t\t\t<a href=\"https:\/\/apesanteur.net\/wp-content\/uploads\/2023\/11\/IMG_1135-rotated.jpeg\" target=\"_self\">\n\t\t\t\t<img loading=\"lazy\" decoding=\"async\" src=\"https:\/\/apesanteur.net\/wp-content\/uploads\/2023\/11\/IMG_1135-rotated.jpeg\" alt=\"\" data-no-lazy=\"1\" width=\"480\" height=\"640\" \/>\n\t\t\t\t\t\t\t\t\t\tInstallation d&rsquo;une gaine de d\u00e9senfumage sur 60 metre de haut au Roy d&rsquo;Espagne \u00e0 Marseille\n\t\t\t\t\t\t<\/a>\n\t\t\t\t<a href=\"https:\/\/apesanteur.net\/wp-content\/uploads\/2023\/11\/IMG_1837-rotated.jpeg\" target=\"_self\">\n\t\t\t\t<img loading=\"lazy\" decoding=\"async\" src=\"https:\/\/apesanteur.net\/wp-content\/uploads\/2023\/11\/IMG_1837-rotated.jpeg\" alt=\"\" data-no-lazy=\"1\" width=\"480\" height=\"640\" \/>\n\t\t\t\t\t\t\t\t\t\tFlocage coupe feux et gaine de d\u00e9senfumage MMSH Aix-en-Provence\n\t\t\t\t\t\t<\/a>\n\t\t\t\t<a href=\"https:\/\/apesanteur.net\/wp-content\/uploads\/2023\/11\/IMG_5943-rotated.jpeg\" target=\"_self\">\n\t\t\t\t<img loading=\"lazy\" decoding=\"async\" src=\"https:\/\/apesanteur.net\/wp-content\/uploads\/2023\/11\/IMG_5943-rotated.jpeg\" alt=\"\" data-no-lazy=\"1\" width=\"480\" height=\"640\" \/>\n\t\t\t\t\t\t\t\t\t\tInstallation d&rsquo;une gaine pour l&rsquo;\u00e9vacuation des fum\u00e9e d&rsquo;un restaurant sur Marseille\n\t\t\t\t\t\t<\/a>\n\t\t\t\t<a href=\"https:\/\/apesanteur.net\/wp-content\/uploads\/2023\/11\/IMG_2334-rotated.jpeg\" target=\"_self\">\n\t\t\t\t<img loading=\"lazy\" decoding=\"async\" src=\"https:\/\/apesanteur.net\/wp-content\/uploads\/2023\/11\/IMG_2334-rotated.jpeg\" alt=\"\" data-no-lazy=\"1\" width=\"480\" height=\"640\" \/>\n\t\t\t\t\t\t\t\t\t\tInstallation d&rsquo;une gaine dans un puits de lumi\u00e8re pour la torr\u00e9faction de caf\u00e9  \u00ab\u00a0La Tisserie 13007 Marseille\u00a0\u00bb\n\t\t\t\t\t\t<\/a>\n\t\t\t\t<a href=\"https:\/\/apesanteur.net\/wp-content\/uploads\/2023\/11\/IMG_2329-rotated.jpeg\" target=\"_self\">\n\t\t\t\t<img loading=\"lazy\" decoding=\"async\" src=\"https:\/\/apesanteur.net\/wp-content\/uploads\/2023\/11\/IMG_2329-rotated.jpeg\" alt=\"\" data-no-lazy=\"1\" width=\"480\" height=\"640\" \/>\n\t\t\t\t\t\t\t\t\t\tInstallation d&rsquo;une gaine dans un puits de lumi\u00e8re pour la torr\u00e9faction de caf\u00e9  \u00ab\u00a0La Tisserie 13007 Marseille\u00a0\u00bb\n\t\t\t\t\t\t<\/a>\n\t\t\t\t<a href=\"https:\/\/apesanteur.net\/wp-content\/uploads\/2023\/11\/IMG_6263.jpeg\" target=\"_self\">\n\t\t\t\t<img loading=\"lazy\" decoding=\"async\" src=\"https:\/\/apesanteur.net\/wp-content\/uploads\/2023\/11\/IMG_6263.jpeg\" alt=\"\" data-no-lazy=\"1\" width=\"480\" height=\"640\" \/>\n\t\t\t\t\t\t\t\t\t\tInstallation de gaines de d\u00e9senfumage \u00e0 la Timone \u00e0 Marseille\n\t\t\t\t\t\t<\/a>\n\t\t\t\t<a href=\"https:\/\/apesanteur.net\/wp-content\/uploads\/2023\/11\/IMG_6138-rotated.jpeg\" target=\"_self\">\n\t\t\t\t<img loading=\"lazy\" decoding=\"async\" src=\"https:\/\/apesanteur.net\/wp-content\/uploads\/2023\/11\/IMG_6138-rotated.jpeg\" alt=\"\" data-no-lazy=\"1\" width=\"480\" height=\"640\" \/>\n\t\t\t\t\t\t\t\t\t\tInstallation de gaines de d\u00e9senfumage \u00e0 la Timone \u00e0 Marseille\n\t\t\t\t\t\t<\/a>\n\t\t\t\t<a href=\"https:\/\/apesanteur.net\/wp-content\/uploads\/2023\/11\/IMG_1295.jpeg\" target=\"_self\">\n\t\t\t\t<img loading=\"lazy\" decoding=\"async\" src=\"https:\/\/apesanteur.net\/wp-content\/uploads\/2023\/11\/IMG_1295.jpeg\" alt=\"\" data-no-lazy=\"1\" width=\"480\" height=\"640\" \/>\n\t\t\t\t\t\t\t\t\t\tCarottage d&rsquo;un chantier Bouygues sur les caissons en pr\u00e9paration de Monaco \n\t\t\t\t\t\t<\/a>\n\t\t\t\t<a href=\"https:\/\/apesanteur.net\/wp-content\/uploads\/2023\/11\/IMG_1298.jpeg\" target=\"_self\">\n\t\t\t\t<img loading=\"lazy\" decoding=\"async\" src=\"https:\/\/apesanteur.net\/wp-content\/uploads\/2023\/11\/IMG_1298.jpeg\" alt=\"\" data-no-lazy=\"1\" width=\"480\" height=\"640\" \/>\n\t\t\t\t\t\t\t\t\t\tCarottage d&rsquo;un chantier Bouygues sur les caissons en pr\u00e9paration de Monaco \n\t\t\t\t\t\t<\/a>\n\t\t\t\t<a href=\"https:\/\/apesanteur.net\/wp-content\/uploads\/2023\/11\/IMG_1407.jpeg\" target=\"_self\">\n\t\t\t\t<img loading=\"lazy\" decoding=\"async\" src=\"https:\/\/apesanteur.net\/wp-content\/uploads\/2023\/11\/IMG_1407.jpeg\" alt=\"\" data-no-lazy=\"1\" width=\"480\" height=\"640\" \/>\n\t\t\t\t\t\t\t\t\t\tCarottage d&rsquo;un chantier Bouygues sur les caissons en pr\u00e9paration de Monaco \n\t\t\t\t\t\t<\/a>\n\t\t\t\t<a href=\"https:\/\/apesanteur.net\/wp-content\/uploads\/2023\/11\/IMG_1405.jpeg\" target=\"_self\">\n\t\t\t\t<img loading=\"lazy\" decoding=\"async\" src=\"https:\/\/apesanteur.net\/wp-content\/uploads\/2023\/11\/IMG_1405.jpeg\" alt=\"\" data-no-lazy=\"1\" width=\"480\" height=\"640\" \/>\n\t\t\t\t\t\t\t\t\t\tCarottage d&rsquo;un chantier Bouygues sur les caissons en pr\u00e9paration de Monaco \n\t\t\t\t\t\t<\/a>\n\t\t\t\t<a href=\"https:\/\/apesanteur.net\/wp-content\/uploads\/2023\/11\/IMG_1421.jpeg\" target=\"_self\">\n\t\t\t\t<img loading=\"lazy\" decoding=\"async\" src=\"https:\/\/apesanteur.net\/wp-content\/uploads\/2023\/11\/IMG_1421.jpeg\" alt=\"\" data-no-lazy=\"1\" width=\"480\" height=\"640\" \/>\n\t\t\t\t\t\t\t\t\t\tCarottage d&rsquo;un chantier Bouygues sur les caissons en pr\u00e9paration de Monaco \n\t\t\t\t\t\t<\/a>\n\t\t\t\t<a href=\"https:\/\/apesanteur.net\/wp-content\/uploads\/2023\/11\/IMG_1802-1.jpeg\" target=\"_self\">\n\t\t\t\t<img loading=\"lazy\" decoding=\"async\" src=\"https:\/\/apesanteur.net\/wp-content\/uploads\/2023\/11\/IMG_1802-1.jpeg\" alt=\"\" data-no-lazy=\"1\" width=\"480\" height=\"640\" \/>\n\t\t\t\t\t\t\t\t\t\tCarottage d&rsquo;un chantier Bouygues sur les caissons en pr\u00e9paration de Monaco \n\t\t\t\t\t\t<\/a>\n\t\t\t\t<a href=\"https:\/\/apesanteur.net\/wp-content\/uploads\/2023\/11\/IMG_2003.jpeg\" target=\"_self\">\n\t\t\t\t<img loading=\"lazy\" decoding=\"async\" src=\"https:\/\/apesanteur.net\/wp-content\/uploads\/2023\/11\/IMG_2003.jpeg\" alt=\"\" data-no-lazy=\"1\" width=\"480\" height=\"640\" \/>\n\t\t\t\t\t\t\t\t\t\tCarottage d&rsquo;un chantier Bouygues sur les caissons en pr\u00e9paration de Monaco \n\t\t\t\t\t\t<\/a>\n\t\t\t\t<a href=\"https:\/\/apesanteur.net\/wp-content\/uploads\/2023\/11\/IMG_2006.jpeg\" target=\"_self\">\n\t\t\t\t<img loading=\"lazy\" decoding=\"async\" src=\"https:\/\/apesanteur.net\/wp-content\/uploads\/2023\/11\/IMG_2006.jpeg\" alt=\"\" data-no-lazy=\"1\" width=\"480\" height=\"640\" \/>\n\t\t\t\t\t\t\t\t\t\tCarottage d&rsquo;un chantier Bouygues sur les caissons en pr\u00e9paration de Monaco \n\t\t\t\t\t\t<\/a>\n\t\t\t\t<a href=\"https:\/\/apesanteur.net\/wp-content\/uploads\/2023\/11\/IMG_1986.jpeg\" target=\"_self\">\n\t\t\t\t<img loading=\"lazy\" decoding=\"async\" src=\"https:\/\/apesanteur.net\/wp-content\/uploads\/2023\/11\/IMG_1986.jpeg\" alt=\"\" data-no-lazy=\"1\" width=\"480\" height=\"640\" \/>\n\t\t\t\t\t\t\t\t\t\tCarottage d&rsquo;un chantier Bouygues sur les caissons en pr\u00e9paration de Monaco \n\t\t\t\t\t\t<\/a>\n\t\t\t\t<a href=\"https:\/\/apesanteur.net\/wp-content\/uploads\/2023\/11\/IMG_1333.jpeg\" target=\"_self\">\n\t\t\t\t<img loading=\"lazy\" decoding=\"async\" src=\"https:\/\/apesanteur.net\/wp-content\/uploads\/2023\/11\/IMG_1333.jpeg\" alt=\"\" data-no-lazy=\"1\" width=\"480\" height=\"640\" \/>\n\t\t\t\t\t\t\t\t\t\tCarottage d&rsquo;un chantier Bouygues sur les caissons en pr\u00e9paration de Monaco \n\t\t\t\t\t\t<\/a>\n\t\t\t\t<a href=\"https:\/\/apesanteur.net\/wp-content\/uploads\/2023\/11\/IMG_1414.jpeg\" target=\"_self\">\n\t\t\t\t<img loading=\"lazy\" decoding=\"async\" src=\"https:\/\/apesanteur.net\/wp-content\/uploads\/2023\/11\/IMG_1414.jpeg\" alt=\"\" data-no-lazy=\"1\" width=\"480\" height=\"640\" \/>\n\t\t\t\t\t\t\t\t\t\tCarottage d&rsquo;un chantier Bouygues sur les caissons en pr\u00e9paration de Monaco \n\t\t\t\t\t\t<\/a>\n\t\t\t\t\t\t\t\t<a href=\"http:\/\/apesanteur.net\/\" target=\"_self\" itemprop=\"url\">\n\t\t\t\t\t\t\t\t\t<img decoding=\"async\" src=\"http:\/\/apesanteur.net\/wp-content\/uploads\/2023\/09\/logo_apesanteur_blanc.png\" alt=\"logo_apesanteur_blanc\" itemprop=\"image\" srcset=\"https:\/\/apesanteur.net\/wp-content\/uploads\/2023\/09\/logo_apesanteur_blanc.png 1504w, https:\/\/apesanteur.net\/wp-content\/uploads\/2023\/09\/logo_apesanteur_blanc-300x143.png 300w, https:\/\/apesanteur.net\/wp-content\/uploads\/2023\/09\/logo_apesanteur_blanc-1024x487.png 1024w, https:\/\/apesanteur.net\/wp-content\/uploads\/2023\/09\/logo_apesanteur_blanc-768x366.png 768w\" sizes=\"(max-width: 1504px) 100vw, 1504px\" title=\"logo_apesanteur_blanc\" onerror=\"this.style.display='none'\"  \/>\n\t\t\t\t\t\t\t\t\t\t\t\t\t<\/a>\n\t<h4>Acc\u00e8s rapides<\/h4>\n<a href=\"https:\/\/apesanteur.net\/index.php\/a-propos\/\">A propos<\/a><br \/>\n<a href=\"https:\/\/apesanteur.net\/index.php\/nos-metiers\/\">Nos m\u00e9tiers<\/a><br \/>\n<a href=\"https:\/\/apesanteur.net\/index.php\/nos-realisations\/\">Nos r\u00e9alisations<\/a><br \/>\n<a href=\"https:\/\/apesanteur.net\/index.php\/nos-partenaires\/\">Nos partenaires<\/a>\n\t\t\t<a href=\"https:\/\/apesanteur.net\/index.php\/contact\/\" target=\"_self\">\n\t\t\t\t\t\t\tNous \u00e9crire\n\t\t\t\t\t<\/a>\n\t<h4>Nous contacter<\/h4>\n69 avenue Franklin Roosevelt<br \/>\n13600 La Ciotat\n1 Rue de Mondovi<br \/>\n13006 Marseille\n09 87 11 00 38<br \/>\n06 08 70 04 29<br \/>\n<a href=\"mailto:apesanteursarl@gmail.com\">apesanteursarl@gmail.com<\/a><br \/>\nN\u00b0 de Siret : 79846589400037\n\t<p><a href=\"https:\/\/apesanteur.net\/index.php\/mentions-legales\/\">Mentions l\u00e9gales<\/a> \u00b7 <a href=\"https:\/\/apesanteur.net\/index.php\/politique-de-donnees-personnelles\/\">Politique de donn\u00e9es personnelles<\/a><\/p>\n\n","protected":false},"excerpt":{"rendered":"<p>Nos r\u00e9alisations Faites confiance \u00e0 notre expertise et \u00e0 notre engagement en mati\u00e8re de s\u00e9curit\u00e9 pour des travaux sur corde urbains de haute qualit\u00e9. Forte de nombreuses ann\u00e9es d&rsquo;exp\u00e9rience, notre \u00e9quipe de professionnels qualifi\u00e9s est pr\u00eate \u00e0 relever tous les d\u00e9fis, que ce soit pour des projets de maintenance, de r\u00e9paration, d&rsquo;inspection ou de nettoyage&hellip;<\/p>\n","protected":false},"author":1,"featured_media":0,"parent":0,"menu_order":0,"comment_status":"closed","ping_status":"closed","template":"","meta":{"footnotes":""},"class_list":["post-215","page","type-page","status-publish","hentry"],"yoast_head":"<!-- This site is optimized with the Yoast SEO plugin v26.9 - https:\/\/yoast.com\/product\/yoast-seo-wordpress\/ -->\n<title>Nos r\u00e9alisations - Apesanteur<\/title>\n<meta name=\"robots\" content=\"index, follow, max-snippet:-1, max-image-preview:large, max-video-preview:-1\" \/>\n<link rel=\"canonical\" href=\"https:\/\/apesanteur.net\/index.php\/nos-realisations\/\" \/>\n<meta property=\"og:locale\" content=\"fr_FR\" \/>\n<meta property=\"og:type\" content=\"article\" \/>\n<meta property=\"og:title\" content=\"Nos r\u00e9alisations - Apesanteur\" \/>\n<meta property=\"og:description\" content=\"Nos r\u00e9alisations Faites confiance \u00e0 notre expertise et \u00e0 notre engagement en mati\u00e8re de s\u00e9curit\u00e9 pour des travaux sur corde urbains de haute qualit\u00e9. Forte de nombreuses ann\u00e9es d&rsquo;exp\u00e9rience, notre \u00e9quipe de professionnels qualifi\u00e9s est pr\u00eate \u00e0 relever tous les d\u00e9fis, que ce soit pour des projets de maintenance, de r\u00e9paration, d&rsquo;inspection ou de nettoyage&hellip;\" \/>\n<meta property=\"og:url\" content=\"https:\/\/apesanteur.net\/index.php\/nos-realisations\/\" \/>\n<meta property=\"og:site_name\" content=\"Apesanteur\" \/>\n<meta property=\"article:modified_time\" content=\"2025-11-06T16:11:41+00:00\" \/>\n<meta property=\"og:image\" content=\"https:\/\/apesanteur.net\/wp-content\/uploads\/2025\/11\/Enduit-et-peinture-sur-facade-a-Marseille-avant-rotated.jpeg\" \/>\n<meta name=\"twitter:card\" content=\"summary_large_image\" \/>\n<meta name=\"twitter:label1\" content=\"Dur\u00e9e de lecture estim\u00e9e\" \/>\n\t<meta name=\"twitter:data1\" content=\"2 minutes\" \/>\n<script type=\"application\/ld+json\" class=\"yoast-schema-graph\">{\"@context\":\"https:\/\/schema.org\",\"@graph\":[{\"@type\":\"WebPage\",\"@id\":\"https:\/\/apesanteur.net\/index.php\/nos-realisations\/\",\"url\":\"https:\/\/apesanteur.net\/index.php\/nos-realisations\/\",\"name\":\"Nos r\u00e9alisations - Apesanteur\",\"isPartOf\":{\"@id\":\"https:\/\/apesanteur.net\/#website\"},\"primaryImageOfPage\":{\"@id\":\"https:\/\/apesanteur.net\/index.php\/nos-realisations\/#primaryimage\"},\"image\":{\"@id\":\"https:\/\/apesanteur.net\/index.php\/nos-realisations\/#primaryimage\"},\"thumbnailUrl\":\"https:\/\/apesanteur.net\/wp-content\/uploads\/2025\/11\/Enduit-et-peinture-sur-facade-a-Marseille-avant-rotated.jpeg\",\"datePublished\":\"2023-10-16T07:18:03+00:00\",\"dateModified\":\"2025-11-06T16:11:41+00:00\",\"breadcrumb\":{\"@id\":\"https:\/\/apesanteur.net\/index.php\/nos-realisations\/#breadcrumb\"},\"inLanguage\":\"fr-FR\",\"potentialAction\":[{\"@type\":\"ReadAction\",\"target\":[\"https:\/\/apesanteur.net\/index.php\/nos-realisations\/\"]}]},{\"@type\":\"ImageObject\",\"inLanguage\":\"fr-FR\",\"@id\":\"https:\/\/apesanteur.net\/index.php\/nos-realisations\/#primaryimage\",\"url\":\"https:\/\/apesanteur.net\/wp-content\/uploads\/2025\/11\/Enduit-et-peinture-sur-facade-a-Marseille-avant-rotated.jpeg\",\"contentUrl\":\"https:\/\/apesanteur.net\/wp-content\/uploads\/2025\/11\/Enduit-et-peinture-sur-facade-a-Marseille-avant-rotated.jpeg\"},{\"@type\":\"BreadcrumbList\",\"@id\":\"https:\/\/apesanteur.net\/index.php\/nos-realisations\/#breadcrumb\",\"itemListElement\":[{\"@type\":\"ListItem\",\"position\":1,\"name\":\"Accueil\",\"item\":\"https:\/\/apesanteur.net\/\"},{\"@type\":\"ListItem\",\"position\":2,\"name\":\"Nos r\u00e9alisations\"}]},{\"@type\":\"WebSite\",\"@id\":\"https:\/\/apesanteur.net\/#website\",\"url\":\"https:\/\/apesanteur.net\/\",\"name\":\"Apesanteur\",\"description\":\"Partenaire de vos travaux d&#039;acc\u00e8s difficiles en milieu industriel et urbain\",\"publisher\":{\"@id\":\"https:\/\/apesanteur.net\/#organization\"},\"alternateName\":\"Apensanteur\",\"potentialAction\":[{\"@type\":\"SearchAction\",\"target\":{\"@type\":\"EntryPoint\",\"urlTemplate\":\"https:\/\/apesanteur.net\/?s={search_term_string}\"},\"query-input\":{\"@type\":\"PropertyValueSpecification\",\"valueRequired\":true,\"valueName\":\"search_term_string\"}}],\"inLanguage\":\"fr-FR\"},{\"@type\":\"Organization\",\"@id\":\"https:\/\/apesanteur.net\/#organization\",\"name\":\"Apesanteur\",\"alternateName\":\"Apesanteur\",\"url\":\"https:\/\/apesanteur.net\/\",\"logo\":{\"@type\":\"ImageObject\",\"inLanguage\":\"fr-FR\",\"@id\":\"https:\/\/apesanteur.net\/#\/schema\/logo\/image\/\",\"url\":\"https:\/\/apesanteur.net\/wp-content\/uploads\/2023\/09\/logo_apesanteur_coul.png\",\"contentUrl\":\"https:\/\/apesanteur.net\/wp-content\/uploads\/2023\/09\/logo_apesanteur_coul.png\",\"width\":1504,\"height\":716,\"caption\":\"Apesanteur\"},\"image\":{\"@id\":\"https:\/\/apesanteur.net\/#\/schema\/logo\/image\/\"}}]}<\/script>\n<!-- \/ Yoast SEO plugin. -->","yoast_head_json":{"title":"Nos r\u00e9alisations - Apesanteur","robots":{"index":"index","follow":"follow","max-snippet":"max-snippet:-1","max-image-preview":"max-image-preview:large","max-video-preview":"max-video-preview:-1"},"canonical":"https:\/\/apesanteur.net\/index.php\/nos-realisations\/","og_locale":"fr_FR","og_type":"article","og_title":"Nos r\u00e9alisations - Apesanteur","og_description":"Nos r\u00e9alisations Faites confiance \u00e0 notre expertise et \u00e0 notre engagement en mati\u00e8re de s\u00e9curit\u00e9 pour des travaux sur corde urbains de haute qualit\u00e9. Forte de nombreuses ann\u00e9es d&rsquo;exp\u00e9rience, notre \u00e9quipe de professionnels qualifi\u00e9s est pr\u00eate \u00e0 relever tous les d\u00e9fis, que ce soit pour des projets de maintenance, de r\u00e9paration, d&rsquo;inspection ou de nettoyage&hellip;","og_url":"https:\/\/apesanteur.net\/index.php\/nos-realisations\/","og_site_name":"Apesanteur","article_modified_time":"2025-11-06T16:11:41+00:00","og_image":[{"url":"https:\/\/apesanteur.net\/wp-content\/uploads\/2025\/11\/Enduit-et-peinture-sur-facade-a-Marseille-avant-rotated.jpeg","type":"","width":"","height":""}],"twitter_card":"summary_large_image","twitter_misc":{"Dur\u00e9e de lecture estim\u00e9e":"2 minutes"},"schema":{"@context":"https:\/\/schema.org","@graph":[{"@type":"WebPage","@id":"https:\/\/apesanteur.net\/index.php\/nos-realisations\/","url":"https:\/\/apesanteur.net\/index.php\/nos-realisations\/","name":"Nos r\u00e9alisations - Apesanteur","isPartOf":{"@id":"https:\/\/apesanteur.net\/#website"},"primaryImageOfPage":{"@id":"https:\/\/apesanteur.net\/index.php\/nos-realisations\/#primaryimage"},"image":{"@id":"https:\/\/apesanteur.net\/index.php\/nos-realisations\/#primaryimage"},"thumbnailUrl":"https:\/\/apesanteur.net\/wp-content\/uploads\/2025\/11\/Enduit-et-peinture-sur-facade-a-Marseille-avant-rotated.jpeg","datePublished":"2023-10-16T07:18:03+00:00","dateModified":"2025-11-06T16:11:41+00:00","breadcrumb":{"@id":"https:\/\/apesanteur.net\/index.php\/nos-realisations\/#breadcrumb"},"inLanguage":"fr-FR","potentialAction":[{"@type":"ReadAction","target":["https:\/\/apesanteur.net\/index.php\/nos-realisations\/"]}]},{"@type":"ImageObject","inLanguage":"fr-FR","@id":"https:\/\/apesanteur.net\/index.php\/nos-realisations\/#primaryimage","url":"https:\/\/apesanteur.net\/wp-content\/uploads\/2025\/11\/Enduit-et-peinture-sur-facade-a-Marseille-avant-rotated.jpeg","contentUrl":"https:\/\/apesanteur.net\/wp-content\/uploads\/2025\/11\/Enduit-et-peinture-sur-facade-a-Marseille-avant-rotated.jpeg"},{"@type":"BreadcrumbList","@id":"https:\/\/apesanteur.net\/index.php\/nos-realisations\/#breadcrumb","itemListElement":[{"@type":"ListItem","position":1,"name":"Accueil","item":"https:\/\/apesanteur.net\/"},{"@type":"ListItem","position":2,"name":"Nos r\u00e9alisations"}]},{"@type":"WebSite","@id":"https:\/\/apesanteur.net\/#website","url":"https:\/\/apesanteur.net\/","name":"Apesanteur","description":"Partenaire de vos travaux d&#039;acc\u00e8s difficiles en milieu industriel et urbain","publisher":{"@id":"https:\/\/apesanteur.net\/#organization"},"alternateName":"Apensanteur","potentialAction":[{"@type":"SearchAction","target":{"@type":"EntryPoint","urlTemplate":"https:\/\/apesanteur.net\/?s={search_term_string}"},"query-input":{"@type":"PropertyValueSpecification","valueRequired":true,"valueName":"search_term_string"}}],"inLanguage":"fr-FR"},{"@type":"Organization","@id":"https:\/\/apesanteur.net\/#organization","name":"Apesanteur","alternateName":"Apesanteur","url":"https:\/\/apesanteur.net\/","logo":{"@type":"ImageObject","inLanguage":"fr-FR","@id":"https:\/\/apesanteur.net\/#\/schema\/logo\/image\/","url":"https:\/\/apesanteur.net\/wp-content\/uploads\/2023\/09\/logo_apesanteur_coul.png","contentUrl":"https:\/\/apesanteur.net\/wp-content\/uploads\/2023\/09\/logo_apesanteur_coul.png","width":1504,"height":716,"caption":"Apesanteur"},"image":{"@id":"https:\/\/apesanteur.net\/#\/schema\/logo\/image\/"}}]}},"_links":{"self":[{"href":"https:\/\/apesanteur.net\/index.php\/wp-json\/wp\/v2\/pages\/215","targetHints":{"allow":["GET"]}}],"collection":[{"href":"https:\/\/apesanteur.net\/index.php\/wp-json\/wp\/v2\/pages"}],"about":[{"href":"https:\/\/apesanteur.net\/index.php\/wp-json\/wp\/v2\/types\/page"}],"author":[{"embeddable":true,"href":"https:\/\/apesanteur.net\/index.php\/wp-json\/wp\/v2\/users\/1"}],"replies":[{"embeddable":true,"href":"https:\/\/apesanteur.net\/index.php\/wp-json\/wp\/v2\/comments?post=215"}],"version-history":[{"count":17,"href":"https:\/\/apesanteur.net\/index.php\/wp-json\/wp\/v2\/pages\/215\/revisions"}],"predecessor-version":[{"id":649,"href":"https:\/\/apesanteur.net\/index.php\/wp-json\/wp\/v2\/pages\/215\/revisions\/649"}],"wp:attachment":[{"href":"https:\/\/apesanteur.net\/index.php\/wp-json\/wp\/v2\/media?parent=215"}],"curies":[{"name":"wp","href":"https:\/\/api.w.org\/{rel}","templated":true}]}}