{"id":222,"date":"2023-10-16T09:28:17","date_gmt":"2023-10-16T07:28:17","guid":{"rendered":"https:\/\/apesanteur.net\/?page_id=222"},"modified":"2025-09-14T16:41:01","modified_gmt":"2025-09-14T14:41:01","slug":"nos-partenaires","status":"publish","type":"page","link":"https:\/\/apesanteur.net\/index.php\/nos-partenaires\/","title":{"rendered":"Nos partenaires"},"content":{"rendered":"\n<h1>\n\t\t\tNos partenaires\t<\/h1>\n\t<h4>Partenaire privil\u00e9gi\u00e9 des entreprises g\u00e9n\u00e9rales, des syndics d&rsquo;immeuble et des ma\u00eetres d&rsquo;ouvrage publics ou priv\u00e9s, Apesanteur effectue \u00e9galement les travaux en hauteur des particuliers.<\/h4>\n\t<p>Nous sommes votre partenaire de confiance pour tous vos besoins en travaux en hauteur en milieu urbain. Votre satisfaction est notre plus grande r\u00e9compense et votre tranquillit\u00e9 d&rsquo;esprit est notre priorit\u00e9.<\/p>\n\t\t\tToutes\n\t\t<ul>\n\t\t\t\t\t\t<li id=\"pp-gallery--0\" data-filter=\"*\">Toutes<\/li>\n\t\t\t\t\t<li id=\"pp-gallery--1\" data-filter=\".pp-group-1\">Syndicats de copropri\u00e9t\u00e9<\/li><li id=\"pp-gallery--2\" data-filter=\".pp-group-2\">Entreprises g\u00e9n\u00e9rales du b\u00e2timent<\/li><li id=\"pp-gallery--3\" data-filter=\".pp-group-3\">Collectivit\u00e9s<\/li>\t\t<\/ul>\n\t\t\t\t<a href=\"https:\/\/apesanteur.net\/wp-content\/uploads\/2023\/11\/auriol-cabinet.jpg\" target=\"_self\">\n\t\t\t\t<img loading=\"lazy\" decoding=\"async\" src=\"https:\/\/apesanteur.net\/wp-content\/uploads\/2023\/11\/auriol-cabinet.jpg\" alt=\"\" data-no-lazy=\"1\" width=\"500\" height=\"498\" \/>\n\t\t\t\t\t\t<\/a>\n\t\t\t\t<a href=\"https:\/\/apesanteur.net\/wp-content\/uploads\/2023\/10\/auxitime.png\" target=\"_self\">\n\t\t\t\t<img loading=\"lazy\" decoding=\"async\" src=\"https:\/\/apesanteur.net\/wp-content\/uploads\/2023\/10\/auxitime.png\" alt=\"\" data-no-lazy=\"1\" width=\"500\" height=\"500\" \/>\n\t\t\t\t\t\t<\/a>\n\t\t\t\t<a href=\"https:\/\/apesanteur.net\/wp-content\/uploads\/2023\/10\/berthoz.png\" target=\"_self\">\n\t\t\t\t<img loading=\"lazy\" decoding=\"async\" src=\"https:\/\/apesanteur.net\/wp-content\/uploads\/2023\/10\/berthoz.png\" alt=\"\" data-no-lazy=\"1\" width=\"500\" height=\"500\" \/>\n\t\t\t\t\t\t<\/a>\n\t\t\t\t<a href=\"https:\/\/apesanteur.net\/wp-content\/uploads\/2023\/10\/bourelly.png\" target=\"_self\">\n\t\t\t\t<img loading=\"lazy\" decoding=\"async\" src=\"https:\/\/apesanteur.net\/wp-content\/uploads\/2023\/10\/bourelly.png\" alt=\"\" data-no-lazy=\"1\" width=\"500\" height=\"500\" \/>\n\t\t\t\t\t\t<\/a>\n\t\t\t\t<a href=\"https:\/\/apesanteur.net\/wp-content\/uploads\/2023\/10\/chavissimo.png\" target=\"_self\">\n\t\t\t\t<img loading=\"lazy\" decoding=\"async\" src=\"https:\/\/apesanteur.net\/wp-content\/uploads\/2023\/10\/chavissimo.png\" alt=\"\" data-no-lazy=\"1\" width=\"500\" height=\"500\" \/>\n\t\t\t\t\t\t<\/a>\n\t\t\t\t<a href=\"https:\/\/apesanteur.net\/wp-content\/uploads\/2023\/10\/citya.png\" target=\"_self\">\n\t\t\t\t<img loading=\"lazy\" decoding=\"async\" src=\"https:\/\/apesanteur.net\/wp-content\/uploads\/2023\/10\/citya.png\" alt=\"\" data-no-lazy=\"1\" width=\"500\" height=\"500\" \/>\n\t\t\t\t\t\t<\/a>\n\t\t\t\t<a href=\"https:\/\/apesanteur.net\/wp-content\/uploads\/2023\/10\/d4immobilier.png\" target=\"_self\">\n\t\t\t\t<img loading=\"lazy\" decoding=\"async\" src=\"https:\/\/apesanteur.net\/wp-content\/uploads\/2023\/10\/d4immobilier.png\" alt=\"\" data-no-lazy=\"1\" width=\"500\" height=\"500\" \/>\n\t\t\t\t\t\t<\/a>\n\t\t\t\t<a href=\"https:\/\/apesanteur.net\/wp-content\/uploads\/2023\/10\/dechabannes.png\" target=\"_self\">\n\t\t\t\t<img loading=\"lazy\" decoding=\"async\" src=\"https:\/\/apesanteur.net\/wp-content\/uploads\/2023\/10\/dechabannes.png\" alt=\"\" data-no-lazy=\"1\" width=\"500\" height=\"500\" \/>\n\t\t\t\t\t\t<\/a>\n\t\t\t\t<a href=\"https:\/\/apesanteur.net\/wp-content\/uploads\/2023\/10\/devictor.png\" target=\"_self\">\n\t\t\t\t<img loading=\"lazy\" decoding=\"async\" src=\"https:\/\/apesanteur.net\/wp-content\/uploads\/2023\/10\/devictor.png\" alt=\"\" data-no-lazy=\"1\" width=\"500\" height=\"500\" \/>\n\t\t\t\t\t\t<\/a>\n\t\t\t\t<a href=\"https:\/\/apesanteur.net\/wp-content\/uploads\/2023\/10\/durand.png\" target=\"_self\">\n\t\t\t\t<img loading=\"lazy\" decoding=\"async\" src=\"https:\/\/apesanteur.net\/wp-content\/uploads\/2023\/10\/durand.png\" alt=\"\" data-no-lazy=\"1\" width=\"500\" height=\"500\" \/>\n\t\t\t\t\t\t<\/a>\n\t\t\t\t<a href=\"https:\/\/apesanteur.net\/wp-content\/uploads\/2023\/10\/fergan.png\" target=\"_self\">\n\t\t\t\t<img loading=\"lazy\" decoding=\"async\" src=\"https:\/\/apesanteur.net\/wp-content\/uploads\/2023\/10\/fergan.png\" alt=\"\" data-no-lazy=\"1\" width=\"500\" height=\"500\" \/>\n\t\t\t\t\t\t<\/a>\n\t\t\t\t<a href=\"https:\/\/apesanteur.net\/wp-content\/uploads\/2023\/10\/foncia.png\" target=\"_self\">\n\t\t\t\t<img loading=\"lazy\" decoding=\"async\" src=\"https:\/\/apesanteur.net\/wp-content\/uploads\/2023\/10\/foncia.png\" alt=\"\" data-no-lazy=\"1\" width=\"500\" height=\"500\" \/>\n\t\t\t\t\t\t<\/a>\n\t\t\t\t<a href=\"https:\/\/apesanteur.net\/wp-content\/uploads\/2023\/10\/gespac.png\" target=\"_self\">\n\t\t\t\t<img loading=\"lazy\" decoding=\"async\" src=\"https:\/\/apesanteur.net\/wp-content\/uploads\/2023\/10\/gespac.png\" alt=\"\" data-no-lazy=\"1\" width=\"500\" height=\"500\" \/>\n\t\t\t\t\t\t<\/a>\n\t\t\t\t<a href=\"https:\/\/apesanteur.net\/wp-content\/uploads\/2023\/10\/gestionimmo.png\" target=\"_self\">\n\t\t\t\t<img loading=\"lazy\" decoding=\"async\" src=\"https:\/\/apesanteur.net\/wp-content\/uploads\/2023\/10\/gestionimmo.png\" alt=\"\" data-no-lazy=\"1\" width=\"500\" height=\"500\" \/>\n\t\t\t\t\t\t<\/a>\n\t\t\t\t<a href=\"https:\/\/apesanteur.net\/wp-content\/uploads\/2023\/10\/guisimmo.png\" target=\"_self\">\n\t\t\t\t<img loading=\"lazy\" decoding=\"async\" src=\"https:\/\/apesanteur.net\/wp-content\/uploads\/2023\/10\/guisimmo.png\" alt=\"\" data-no-lazy=\"1\" width=\"500\" height=\"500\" \/>\n\t\t\t\t\t\t<\/a>\n\t\t\t\t<a href=\"https:\/\/apesanteur.net\/wp-content\/uploads\/2023\/10\/istria.png\" target=\"_self\">\n\t\t\t\t<img loading=\"lazy\" decoding=\"async\" src=\"https:\/\/apesanteur.net\/wp-content\/uploads\/2023\/10\/istria.png\" alt=\"\" data-no-lazy=\"1\" width=\"500\" height=\"500\" \/>\n\t\t\t\t\t\t<\/a>\n\t\t\t\t<a href=\"https:\/\/apesanteur.net\/wp-content\/uploads\/2023\/10\/LaComptesse.png\" target=\"_self\">\n\t\t\t\t<img loading=\"lazy\" decoding=\"async\" src=\"https:\/\/apesanteur.net\/wp-content\/uploads\/2023\/10\/LaComptesse.png\" alt=\"\" data-no-lazy=\"1\" width=\"500\" height=\"500\" \/>\n\t\t\t\t\t\t<\/a>\n\t\t\t\t<a href=\"https:\/\/apesanteur.net\/wp-content\/uploads\/2023\/10\/laugierfine.png\" target=\"_self\">\n\t\t\t\t<img loading=\"lazy\" decoding=\"async\" src=\"https:\/\/apesanteur.net\/wp-content\/uploads\/2023\/10\/laugierfine.png\" alt=\"\" data-no-lazy=\"1\" width=\"500\" height=\"500\" \/>\n\t\t\t\t\t\t<\/a>\n\t\t\t\t<a href=\"https:\/\/apesanteur.net\/wp-content\/uploads\/2023\/10\/lisaimmo.png\" target=\"_self\">\n\t\t\t\t<img loading=\"lazy\" decoding=\"async\" src=\"https:\/\/apesanteur.net\/wp-content\/uploads\/2023\/10\/lisaimmo.png\" alt=\"\" data-no-lazy=\"1\" width=\"500\" height=\"500\" \/>\n\t\t\t\t\t\t<\/a>\n\t\t\t\t<a href=\"https:\/\/apesanteur.net\/wp-content\/uploads\/2023\/10\/nexity.png\" target=\"_self\">\n\t\t\t\t<img loading=\"lazy\" decoding=\"async\" src=\"https:\/\/apesanteur.net\/wp-content\/uploads\/2023\/10\/nexity.png\" alt=\"\" data-no-lazy=\"1\" width=\"500\" height=\"500\" \/>\n\t\t\t\t\t\t<\/a>\n\t\t\t\t<a href=\"https:\/\/apesanteur.net\/wp-content\/uploads\/2023\/10\/pinatel.png\" target=\"_self\">\n\t\t\t\t<img loading=\"lazy\" decoding=\"async\" src=\"https:\/\/apesanteur.net\/wp-content\/uploads\/2023\/10\/pinatel.png\" alt=\"\" data-no-lazy=\"1\" width=\"500\" height=\"500\" \/>\n\t\t\t\t\t\t<\/a>\n\t\t\t\t<a href=\"https:\/\/apesanteur.net\/wp-content\/uploads\/2023\/10\/pujol.png\" target=\"_self\">\n\t\t\t\t<img loading=\"lazy\" decoding=\"async\" src=\"https:\/\/apesanteur.net\/wp-content\/uploads\/2023\/10\/pujol.png\" alt=\"\" data-no-lazy=\"1\" width=\"500\" height=\"500\" \/>\n\t\t\t\t\t\t<\/a>\n\t\t\t\t<a href=\"https:\/\/apesanteur.net\/wp-content\/uploads\/2023\/10\/sada.png\" target=\"_self\">\n\t\t\t\t<img loading=\"lazy\" decoding=\"async\" src=\"https:\/\/apesanteur.net\/wp-content\/uploads\/2023\/10\/sada.png\" alt=\"\" data-no-lazy=\"1\" width=\"500\" height=\"500\" \/>\n\t\t\t\t\t\t<\/a>\n\t\t\t\t<a href=\"https:\/\/apesanteur.net\/wp-content\/uploads\/2023\/10\/sevenier.png\" target=\"_self\">\n\t\t\t\t<img loading=\"lazy\" decoding=\"async\" src=\"https:\/\/apesanteur.net\/wp-content\/uploads\/2023\/10\/sevenier.png\" alt=\"\" data-no-lazy=\"1\" width=\"500\" height=\"500\" \/>\n\t\t\t\t\t\t<\/a>\n\t\t\t\t<a href=\"https:\/\/apesanteur.net\/wp-content\/uploads\/2023\/10\/siga.png\" target=\"_self\">\n\t\t\t\t<img loading=\"lazy\" decoding=\"async\" src=\"https:\/\/apesanteur.net\/wp-content\/uploads\/2023\/10\/siga.png\" alt=\"\" data-no-lazy=\"1\" width=\"500\" height=\"500\" \/>\n\t\t\t\t\t\t<\/a>\n\t\t\t\t<a href=\"https:\/\/apesanteur.net\/wp-content\/uploads\/2023\/10\/spe.png\" target=\"_self\">\n\t\t\t\t<img loading=\"lazy\" decoding=\"async\" src=\"https:\/\/apesanteur.net\/wp-content\/uploads\/2023\/10\/spe.png\" alt=\"\" data-no-lazy=\"1\" width=\"500\" height=\"500\" \/>\n\t\t\t\t\t\t<\/a>\n\t\t\t\t<a href=\"https:\/\/apesanteur.net\/wp-content\/uploads\/2023\/10\/sudmoteurs.png\" target=\"_self\">\n\t\t\t\t<img loading=\"lazy\" decoding=\"async\" src=\"https:\/\/apesanteur.net\/wp-content\/uploads\/2023\/10\/sudmoteurs.png\" alt=\"\" data-no-lazy=\"1\" width=\"500\" height=\"500\" \/>\n\t\t\t\t\t\t<\/a>\n\t\t\t\t<a href=\"https:\/\/apesanteur.net\/wp-content\/uploads\/2023\/10\/tariot.png\" target=\"_self\">\n\t\t\t\t<img loading=\"lazy\" decoding=\"async\" src=\"https:\/\/apesanteur.net\/wp-content\/uploads\/2023\/10\/tariot.png\" alt=\"\" data-no-lazy=\"1\" width=\"500\" height=\"500\" \/>\n\t\t\t\t\t\t<\/a>\n\t\t\t\t<a href=\"https:\/\/apesanteur.net\/wp-content\/uploads\/2023\/10\/terrasseenville.png\" target=\"_self\">\n\t\t\t\t<img loading=\"lazy\" decoding=\"async\" src=\"https:\/\/apesanteur.net\/wp-content\/uploads\/2023\/10\/terrasseenville.png\" alt=\"\" data-no-lazy=\"1\" width=\"500\" height=\"500\" \/>\n\t\t\t\t\t\t<\/a>\n\t\t\t\t<a href=\"https:\/\/apesanteur.net\/wp-content\/uploads\/2023\/10\/thinot.png\" target=\"_self\">\n\t\t\t\t<img loading=\"lazy\" decoding=\"async\" src=\"https:\/\/apesanteur.net\/wp-content\/uploads\/2023\/10\/thinot.png\" alt=\"\" data-no-lazy=\"1\" width=\"500\" height=\"500\" \/>\n\t\t\t\t\t\t<\/a>\n\t\t\t\t<a href=\"https:\/\/apesanteur.net\/wp-content\/uploads\/2023\/10\/traverso.png\" target=\"_self\">\n\t\t\t\t<img loading=\"lazy\" decoding=\"async\" src=\"https:\/\/apesanteur.net\/wp-content\/uploads\/2023\/10\/traverso.png\" alt=\"\" data-no-lazy=\"1\" width=\"500\" height=\"500\" \/>\n\t\t\t\t\t\t<\/a>\n\t\t\t\t<a href=\"https:\/\/apesanteur.net\/wp-content\/uploads\/2025\/09\/DS-Toiture-SARL-1.jpg\" target=\"_self\">\n\t\t\t\t<img loading=\"lazy\" decoding=\"async\" src=\"https:\/\/apesanteur.net\/wp-content\/uploads\/2025\/09\/DS-Toiture-SARL-1.jpg\" alt=\"\" data-no-lazy=\"1\" width=\"500\" height=\"500\" \/>\n\t\t\t\t\t\t<\/a>\n\t\t\t\t<a href=\"https:\/\/apesanteur.net\/wp-content\/uploads\/2023\/10\/entreprise-1.jpg\" target=\"_self\">\n\t\t\t\t<img loading=\"lazy\" decoding=\"async\" src=\"https:\/\/apesanteur.net\/wp-content\/uploads\/2023\/10\/entreprise-1.jpg\" alt=\"\" data-no-lazy=\"1\" width=\"888\" height=\"888\" \/>\n\t\t\t\t\t\t<\/a>\n\t\t\t\t<a href=\"https:\/\/apesanteur.net\/wp-content\/uploads\/2023\/10\/eiffage.png\" target=\"_self\">\n\t\t\t\t<img loading=\"lazy\" decoding=\"async\" src=\"https:\/\/apesanteur.net\/wp-content\/uploads\/2023\/10\/eiffage.png\" alt=\"\" data-no-lazy=\"1\" width=\"500\" height=\"500\" \/>\n\t\t\t\t\t\t<\/a>\n\t\t\t\t<a href=\"https:\/\/apesanteur.net\/wp-content\/uploads\/2023\/10\/vinci.png\" target=\"_self\">\n\t\t\t\t<img loading=\"lazy\" decoding=\"async\" src=\"https:\/\/apesanteur.net\/wp-content\/uploads\/2023\/10\/vinci.png\" alt=\"\" data-no-lazy=\"1\" width=\"500\" height=\"500\" \/>\n\t\t\t\t\t\t<\/a>\n\t\t\t\t<a href=\"https:\/\/apesanteur.net\/wp-content\/uploads\/2023\/10\/entreprise-2.jpg\" target=\"_self\">\n\t\t\t\t<img loading=\"lazy\" decoding=\"async\" src=\"https:\/\/apesanteur.net\/wp-content\/uploads\/2023\/10\/entreprise-2.jpg\" alt=\"\" data-no-lazy=\"1\" width=\"888\" height=\"888\" \/>\n\t\t\t\t\t\t<\/a>\n\t\t\t\t<a href=\"https:\/\/apesanteur.net\/wp-content\/uploads\/2023\/10\/uinteriors.png\" target=\"_self\">\n\t\t\t\t<img loading=\"lazy\" decoding=\"async\" src=\"https:\/\/apesanteur.net\/wp-content\/uploads\/2023\/10\/uinteriors.png\" alt=\"\" data-no-lazy=\"1\" width=\"500\" height=\"500\" \/>\n\t\t\t\t\t\t<\/a>\n\t\t\t\t<a href=\"https:\/\/apesanteur.net\/wp-content\/uploads\/2023\/10\/tsb.png\" target=\"_self\">\n\t\t\t\t<img loading=\"lazy\" decoding=\"async\" src=\"https:\/\/apesanteur.net\/wp-content\/uploads\/2023\/10\/tsb.png\" alt=\"\" data-no-lazy=\"1\" width=\"500\" height=\"500\" \/>\n\t\t\t\t\t\t<\/a>\n\t\t\t\t<a href=\"https:\/\/apesanteur.net\/wp-content\/uploads\/2023\/10\/tgt.png\" target=\"_self\">\n\t\t\t\t<img loading=\"lazy\" decoding=\"async\" src=\"https:\/\/apesanteur.net\/wp-content\/uploads\/2023\/10\/tgt.png\" alt=\"\" data-no-lazy=\"1\" width=\"500\" height=\"500\" \/>\n\t\t\t\t\t\t<\/a>\n\t\t\t\t<a href=\"https:\/\/apesanteur.net\/wp-content\/uploads\/2023\/10\/sgf.png\" target=\"_self\">\n\t\t\t\t<img loading=\"lazy\" decoding=\"async\" src=\"https:\/\/apesanteur.net\/wp-content\/uploads\/2023\/10\/sgf.png\" alt=\"\" data-no-lazy=\"1\" width=\"500\" height=\"500\" \/>\n\t\t\t\t\t\t<\/a>\n\t\t\t\t<a href=\"https:\/\/apesanteur.net\/wp-content\/uploads\/2023\/10\/peim.png\" target=\"_self\">\n\t\t\t\t<img loading=\"lazy\" decoding=\"async\" src=\"https:\/\/apesanteur.net\/wp-content\/uploads\/2023\/10\/peim.png\" alt=\"\" data-no-lazy=\"1\" width=\"500\" height=\"500\" \/>\n\t\t\t\t\t\t<\/a>\n\t\t\t\t<a href=\"https:\/\/apesanteur.net\/wp-content\/uploads\/2023\/10\/j2p.png\" target=\"_self\">\n\t\t\t\t<img loading=\"lazy\" decoding=\"async\" src=\"https:\/\/apesanteur.net\/wp-content\/uploads\/2023\/10\/j2p.png\" alt=\"\" data-no-lazy=\"1\" width=\"500\" height=\"500\" \/>\n\t\t\t\t\t\t<\/a>\n\t\t\t\t<a href=\"https:\/\/apesanteur.net\/wp-content\/uploads\/2023\/10\/prefecture.png\" target=\"_self\">\n\t\t\t\t<img loading=\"lazy\" decoding=\"async\" src=\"https:\/\/apesanteur.net\/wp-content\/uploads\/2023\/10\/prefecture.png\" alt=\"\" data-no-lazy=\"1\" width=\"500\" height=\"500\" \/>\n\t\t\t\t\t\t<\/a>\n\t\t<h3>\n\t\t\tVous \u00eates une entreprise, une collectivit\u00e9 locale ou un particulier ?\n\t\t<\/h3>\n\t\t\t<p>Nous sommes pr\u00eats \u00e0 relever tous les d\u00e9fis en mati\u00e8re de travaux sur corde urbains. N&rsquo;h\u00e9sitez pas \u00e0 nous contacter pour discuter de vos besoins sp\u00e9cifiques et obtenir un devis personnalis\u00e9.<\/p>\t\t\n\t\t\t<a href=\"\" target=\"_self\">\n\t\t\t\t\t\t\tNous contacter\n\t\t\t\t\t<\/a>\n\t\t\t\t\t\t\t\t<a href=\"http:\/\/apesanteur.net\/\" target=\"_self\" itemprop=\"url\">\n\t\t\t\t\t\t\t\t\t<img decoding=\"async\" src=\"http:\/\/apesanteur.net\/wp-content\/uploads\/2023\/09\/logo_apesanteur_blanc.png\" alt=\"logo_apesanteur_blanc\" itemprop=\"image\" srcset=\"https:\/\/apesanteur.net\/wp-content\/uploads\/2023\/09\/logo_apesanteur_blanc.png 1504w, https:\/\/apesanteur.net\/wp-content\/uploads\/2023\/09\/logo_apesanteur_blanc-300x143.png 300w, https:\/\/apesanteur.net\/wp-content\/uploads\/2023\/09\/logo_apesanteur_blanc-1024x487.png 1024w, https:\/\/apesanteur.net\/wp-content\/uploads\/2023\/09\/logo_apesanteur_blanc-768x366.png 768w\" sizes=\"(max-width: 1504px) 100vw, 1504px\" title=\"logo_apesanteur_blanc\" onerror=\"this.style.display='none'\"  \/>\n\t\t\t\t\t\t\t\t\t\t\t\t\t<\/a>\n\t<h4>Acc\u00e8s rapides<\/h4>\n<a href=\"https:\/\/apesanteur.net\/index.php\/a-propos\/\">A propos<\/a><br \/>\n<a href=\"https:\/\/apesanteur.net\/index.php\/nos-metiers\/\">Nos m\u00e9tiers<\/a><br \/>\n<a href=\"https:\/\/apesanteur.net\/index.php\/nos-realisations\/\">Nos r\u00e9alisations<\/a><br \/>\n<a href=\"https:\/\/apesanteur.net\/index.php\/nos-partenaires\/\">Nos partenaires<\/a>\n\t\t\t<a href=\"https:\/\/apesanteur.net\/index.php\/contact\/\" target=\"_self\">\n\t\t\t\t\t\t\tNous \u00e9crire\n\t\t\t\t\t<\/a>\n\t<h4>Nous contacter<\/h4>\n1 Rue de Mondovi<br \/>\n13006 Marseille\n09 87 11 00 38<br \/>\n06 08 70 04 29<br \/>\n<a href=\"mailto:apesanteursarl@gmail.com\">apesanteursarl@gmail.com<\/a><br \/>\nN\u00b0 de Siret : 79846589400037\n\t<p><a href=\"https:\/\/apesanteur.net\/index.php\/mentions-legales\/\">Mentions l\u00e9gales<\/a> \u00b7 <a href=\"https:\/\/apesanteur.net\/index.php\/politique-de-donnees-personnelles\/\">Politique de donn\u00e9es personnelles<\/a><\/p>\n\n","protected":false},"excerpt":{"rendered":"<p>Nos partenaires Partenaire privil\u00e9gi\u00e9 des entreprises g\u00e9n\u00e9rales, des syndics d&rsquo;immeuble et des ma\u00eetres d&rsquo;ouvrage publics ou priv\u00e9s, Apesanteur effectue \u00e9galement les travaux en hauteur des particuliers. Nous sommes votre partenaire de confiance pour tous vos besoins en travaux en hauteur en milieu urbain. Votre satisfaction est notre plus grande r\u00e9compense et votre tranquillit\u00e9 d&rsquo;esprit est&hellip;<\/p>\n","protected":false},"author":1,"featured_media":0,"parent":0,"menu_order":0,"comment_status":"closed","ping_status":"closed","template":"","meta":{"footnotes":""},"class_list":["post-222","page","type-page","status-publish","hentry"],"yoast_head":"<!-- This site is optimized with the Yoast SEO plugin v26.9 - https:\/\/yoast.com\/product\/yoast-seo-wordpress\/ -->\n<title>Nos partenaires - Apesanteur<\/title>\n<meta name=\"robots\" content=\"index, follow, max-snippet:-1, max-image-preview:large, max-video-preview:-1\" \/>\n<link rel=\"canonical\" href=\"https:\/\/apesanteur.net\/index.php\/nos-partenaires\/\" \/>\n<meta property=\"og:locale\" content=\"fr_FR\" \/>\n<meta property=\"og:type\" content=\"article\" \/>\n<meta property=\"og:title\" content=\"Nos partenaires - Apesanteur\" \/>\n<meta property=\"og:description\" content=\"Nos partenaires Partenaire privil\u00e9gi\u00e9 des entreprises g\u00e9n\u00e9rales, des syndics d&rsquo;immeuble et des ma\u00eetres d&rsquo;ouvrage publics ou priv\u00e9s, Apesanteur effectue \u00e9galement les travaux en hauteur des particuliers. Nous sommes votre partenaire de confiance pour tous vos besoins en travaux en hauteur en milieu urbain. Votre satisfaction est notre plus grande r\u00e9compense et votre tranquillit\u00e9 d&rsquo;esprit est&hellip;\" \/>\n<meta property=\"og:url\" content=\"https:\/\/apesanteur.net\/index.php\/nos-partenaires\/\" \/>\n<meta property=\"og:site_name\" content=\"Apesanteur\" \/>\n<meta property=\"article:modified_time\" content=\"2025-09-14T14:41:01+00:00\" \/>\n<meta property=\"og:image\" content=\"https:\/\/apesanteur.net\/wp-content\/uploads\/2023\/11\/auriol-cabinet.jpg\" \/>\n<meta name=\"twitter:card\" content=\"summary_large_image\" \/>\n<meta name=\"twitter:label1\" content=\"Dur\u00e9e de lecture estim\u00e9e\" \/>\n\t<meta name=\"twitter:data1\" content=\"1 minute\" \/>\n<script type=\"application\/ld+json\" class=\"yoast-schema-graph\">{\"@context\":\"https:\/\/schema.org\",\"@graph\":[{\"@type\":\"WebPage\",\"@id\":\"https:\/\/apesanteur.net\/index.php\/nos-partenaires\/\",\"url\":\"https:\/\/apesanteur.net\/index.php\/nos-partenaires\/\",\"name\":\"Nos partenaires - Apesanteur\",\"isPartOf\":{\"@id\":\"https:\/\/apesanteur.net\/#website\"},\"primaryImageOfPage\":{\"@id\":\"https:\/\/apesanteur.net\/index.php\/nos-partenaires\/#primaryimage\"},\"image\":{\"@id\":\"https:\/\/apesanteur.net\/index.php\/nos-partenaires\/#primaryimage\"},\"thumbnailUrl\":\"https:\/\/apesanteur.net\/wp-content\/uploads\/2023\/11\/auriol-cabinet.jpg\",\"datePublished\":\"2023-10-16T07:28:17+00:00\",\"dateModified\":\"2025-09-14T14:41:01+00:00\",\"breadcrumb\":{\"@id\":\"https:\/\/apesanteur.net\/index.php\/nos-partenaires\/#breadcrumb\"},\"inLanguage\":\"fr-FR\",\"potentialAction\":[{\"@type\":\"ReadAction\",\"target\":[\"https:\/\/apesanteur.net\/index.php\/nos-partenaires\/\"]}]},{\"@type\":\"ImageObject\",\"inLanguage\":\"fr-FR\",\"@id\":\"https:\/\/apesanteur.net\/index.php\/nos-partenaires\/#primaryimage\",\"url\":\"https:\/\/apesanteur.net\/wp-content\/uploads\/2023\/11\/auriol-cabinet.jpg\",\"contentUrl\":\"https:\/\/apesanteur.net\/wp-content\/uploads\/2023\/11\/auriol-cabinet.jpg\"},{\"@type\":\"BreadcrumbList\",\"@id\":\"https:\/\/apesanteur.net\/index.php\/nos-partenaires\/#breadcrumb\",\"itemListElement\":[{\"@type\":\"ListItem\",\"position\":1,\"name\":\"Accueil\",\"item\":\"https:\/\/apesanteur.net\/\"},{\"@type\":\"ListItem\",\"position\":2,\"name\":\"Nos partenaires\"}]},{\"@type\":\"WebSite\",\"@id\":\"https:\/\/apesanteur.net\/#website\",\"url\":\"https:\/\/apesanteur.net\/\",\"name\":\"Apesanteur\",\"description\":\"Partenaire de vos travaux d&#039;acc\u00e8s difficiles en milieu industriel et urbain\",\"publisher\":{\"@id\":\"https:\/\/apesanteur.net\/#organization\"},\"alternateName\":\"Apensanteur\",\"potentialAction\":[{\"@type\":\"SearchAction\",\"target\":{\"@type\":\"EntryPoint\",\"urlTemplate\":\"https:\/\/apesanteur.net\/?s={search_term_string}\"},\"query-input\":{\"@type\":\"PropertyValueSpecification\",\"valueRequired\":true,\"valueName\":\"search_term_string\"}}],\"inLanguage\":\"fr-FR\"},{\"@type\":\"Organization\",\"@id\":\"https:\/\/apesanteur.net\/#organization\",\"name\":\"Apesanteur\",\"alternateName\":\"Apesanteur\",\"url\":\"https:\/\/apesanteur.net\/\",\"logo\":{\"@type\":\"ImageObject\",\"inLanguage\":\"fr-FR\",\"@id\":\"https:\/\/apesanteur.net\/#\/schema\/logo\/image\/\",\"url\":\"https:\/\/apesanteur.net\/wp-content\/uploads\/2023\/09\/logo_apesanteur_coul.png\",\"contentUrl\":\"https:\/\/apesanteur.net\/wp-content\/uploads\/2023\/09\/logo_apesanteur_coul.png\",\"width\":1504,\"height\":716,\"caption\":\"Apesanteur\"},\"image\":{\"@id\":\"https:\/\/apesanteur.net\/#\/schema\/logo\/image\/\"}}]}<\/script>\n<!-- \/ Yoast SEO plugin. -->","yoast_head_json":{"title":"Nos partenaires - Apesanteur","robots":{"index":"index","follow":"follow","max-snippet":"max-snippet:-1","max-image-preview":"max-image-preview:large","max-video-preview":"max-video-preview:-1"},"canonical":"https:\/\/apesanteur.net\/index.php\/nos-partenaires\/","og_locale":"fr_FR","og_type":"article","og_title":"Nos partenaires - Apesanteur","og_description":"Nos partenaires Partenaire privil\u00e9gi\u00e9 des entreprises g\u00e9n\u00e9rales, des syndics d&rsquo;immeuble et des ma\u00eetres d&rsquo;ouvrage publics ou priv\u00e9s, Apesanteur effectue \u00e9galement les travaux en hauteur des particuliers. Nous sommes votre partenaire de confiance pour tous vos besoins en travaux en hauteur en milieu urbain. Votre satisfaction est notre plus grande r\u00e9compense et votre tranquillit\u00e9 d&rsquo;esprit est&hellip;","og_url":"https:\/\/apesanteur.net\/index.php\/nos-partenaires\/","og_site_name":"Apesanteur","article_modified_time":"2025-09-14T14:41:01+00:00","og_image":[{"url":"https:\/\/apesanteur.net\/wp-content\/uploads\/2023\/11\/auriol-cabinet.jpg","type":"","width":"","height":""}],"twitter_card":"summary_large_image","twitter_misc":{"Dur\u00e9e de lecture estim\u00e9e":"1 minute"},"schema":{"@context":"https:\/\/schema.org","@graph":[{"@type":"WebPage","@id":"https:\/\/apesanteur.net\/index.php\/nos-partenaires\/","url":"https:\/\/apesanteur.net\/index.php\/nos-partenaires\/","name":"Nos partenaires - Apesanteur","isPartOf":{"@id":"https:\/\/apesanteur.net\/#website"},"primaryImageOfPage":{"@id":"https:\/\/apesanteur.net\/index.php\/nos-partenaires\/#primaryimage"},"image":{"@id":"https:\/\/apesanteur.net\/index.php\/nos-partenaires\/#primaryimage"},"thumbnailUrl":"https:\/\/apesanteur.net\/wp-content\/uploads\/2023\/11\/auriol-cabinet.jpg","datePublished":"2023-10-16T07:28:17+00:00","dateModified":"2025-09-14T14:41:01+00:00","breadcrumb":{"@id":"https:\/\/apesanteur.net\/index.php\/nos-partenaires\/#breadcrumb"},"inLanguage":"fr-FR","potentialAction":[{"@type":"ReadAction","target":["https:\/\/apesanteur.net\/index.php\/nos-partenaires\/"]}]},{"@type":"ImageObject","inLanguage":"fr-FR","@id":"https:\/\/apesanteur.net\/index.php\/nos-partenaires\/#primaryimage","url":"https:\/\/apesanteur.net\/wp-content\/uploads\/2023\/11\/auriol-cabinet.jpg","contentUrl":"https:\/\/apesanteur.net\/wp-content\/uploads\/2023\/11\/auriol-cabinet.jpg"},{"@type":"BreadcrumbList","@id":"https:\/\/apesanteur.net\/index.php\/nos-partenaires\/#breadcrumb","itemListElement":[{"@type":"ListItem","position":1,"name":"Accueil","item":"https:\/\/apesanteur.net\/"},{"@type":"ListItem","position":2,"name":"Nos partenaires"}]},{"@type":"WebSite","@id":"https:\/\/apesanteur.net\/#website","url":"https:\/\/apesanteur.net\/","name":"Apesanteur","description":"Partenaire de vos travaux d&#039;acc\u00e8s difficiles en milieu industriel et urbain","publisher":{"@id":"https:\/\/apesanteur.net\/#organization"},"alternateName":"Apensanteur","potentialAction":[{"@type":"SearchAction","target":{"@type":"EntryPoint","urlTemplate":"https:\/\/apesanteur.net\/?s={search_term_string}"},"query-input":{"@type":"PropertyValueSpecification","valueRequired":true,"valueName":"search_term_string"}}],"inLanguage":"fr-FR"},{"@type":"Organization","@id":"https:\/\/apesanteur.net\/#organization","name":"Apesanteur","alternateName":"Apesanteur","url":"https:\/\/apesanteur.net\/","logo":{"@type":"ImageObject","inLanguage":"fr-FR","@id":"https:\/\/apesanteur.net\/#\/schema\/logo\/image\/","url":"https:\/\/apesanteur.net\/wp-content\/uploads\/2023\/09\/logo_apesanteur_coul.png","contentUrl":"https:\/\/apesanteur.net\/wp-content\/uploads\/2023\/09\/logo_apesanteur_coul.png","width":1504,"height":716,"caption":"Apesanteur"},"image":{"@id":"https:\/\/apesanteur.net\/#\/schema\/logo\/image\/"}}]}},"_links":{"self":[{"href":"https:\/\/apesanteur.net\/index.php\/wp-json\/wp\/v2\/pages\/222","targetHints":{"allow":["GET"]}}],"collection":[{"href":"https:\/\/apesanteur.net\/index.php\/wp-json\/wp\/v2\/pages"}],"about":[{"href":"https:\/\/apesanteur.net\/index.php\/wp-json\/wp\/v2\/types\/page"}],"author":[{"embeddable":true,"href":"https:\/\/apesanteur.net\/index.php\/wp-json\/wp\/v2\/users\/1"}],"replies":[{"embeddable":true,"href":"https:\/\/apesanteur.net\/index.php\/wp-json\/wp\/v2\/comments?post=222"}],"version-history":[{"count":15,"href":"https:\/\/apesanteur.net\/index.php\/wp-json\/wp\/v2\/pages\/222\/revisions"}],"predecessor-version":[{"id":561,"href":"https:\/\/apesanteur.net\/index.php\/wp-json\/wp\/v2\/pages\/222\/revisions\/561"}],"wp:attachment":[{"href":"https:\/\/apesanteur.net\/index.php\/wp-json\/wp\/v2\/media?parent=222"}],"curies":[{"name":"wp","href":"https:\/\/api.w.org\/{rel}","templated":true}]}}