{"id":236,"date":"2023-10-16T09:45:43","date_gmt":"2023-10-16T07:45:43","guid":{"rendered":"https:\/\/apesanteur.net\/?page_id=236"},"modified":"2025-09-17T18:05:02","modified_gmt":"2025-09-17T16:05:02","slug":"contact","status":"publish","type":"page","link":"https:\/\/apesanteur.net\/index.php\/contact\/","title":{"rendered":"Contact"},"content":{"rendered":"\n<h1>\n\t\t\tNous contacter\t<\/h1>\n\t\t\t\t\t\t<h4>Adresses<\/h4>\t\t\t\t\t\n\t\t\t\t\t69 avenue Franklin Roosevelt<br \/>\n13600 LA CIOTAT\n1 rue de Mondovi<br \/>\n13006 MARSEILLE\n\t\t\t\t\t\t<h4>T\u00e9l\u00e9phone<\/h4>\t\t\t\t\t\n\t\t\t\t\t09 87 11 00 38 (Isabelle MACHU)<br \/>\n06 08 70 04 29 (Fran\u00e7ois BOISSON)\n\t\t\t\t\t\t<h4>Horaires<\/h4>\t\t\t\t\t\n\t\t\t\t\t<p>Le secr\u00e9tariat est ouvert tous les jours de 7h30 \u00e0 15h30<\/p>\t\t\t\t\n\t\t\t\t\t\t<h4>E-mail<\/h4>\t\t\t\t\t\n\t\t\t\t\t<p><a href=\"mailto:apesanteursarl@gmail.com\">apesanteursarl@gmail.com<\/a><\/p>\t\t\t\t\n\t<h3>Vous avez une question sur Apesanteur ? Vous souhaitez mettre en place votre projet ?<\/h3>\n<p>N&rsquo;h\u00e9sitez pas \u00e0 nous contacter pour discuter de vos besoins sp\u00e9cifiques. Nous sommes l\u00e0 pour r\u00e9pondre \u00e0 toutes vos questions et \u00e9laborer des solutions sur mesure pour vos travaux en hauteur en milieu urbain.<\/p>\n\t\n<div class=\"wpcf7 no-js\" id=\"wpcf7-f475-o1\" lang=\"fr-FR\" dir=\"ltr\" data-wpcf7-id=\"475\">\n<div class=\"screen-reader-response\"><p role=\"status\" aria-live=\"polite\" aria-atomic=\"true\"><\/p> <ul><\/ul><\/div>\n<form action=\"\/index.php\/wp-json\/wp\/v2\/pages\/236#wpcf7-f475-o1\" method=\"post\" class=\"wpcf7-form init\" aria-label=\"Formulaire de contact\" novalidate=\"novalidate\" data-status=\"init\">\n<fieldset class=\"hidden-fields-container\"><input type=\"hidden\" name=\"_wpcf7\" value=\"475\" \/><input type=\"hidden\" name=\"_wpcf7_version\" value=\"6.1.4\" \/><input type=\"hidden\" name=\"_wpcf7_locale\" value=\"fr_FR\" \/><input type=\"hidden\" name=\"_wpcf7_unit_tag\" value=\"wpcf7-f475-o1\" \/><input type=\"hidden\" name=\"_wpcf7_container_post\" value=\"0\" \/><input type=\"hidden\" name=\"_wpcf7_posted_data_hash\" value=\"\" \/>\n<\/fieldset>\n<div class=\"wpcf7-turnstile cf-turnstile\" data-sitekey=\"0x4AAAAAABm3BW5z5wimgFfd\" data-response-field-name=\"_wpcf7_turnstile_response\"><\/div>\n\n<p><label> Votre nom<br \/>\n<span class=\"wpcf7-form-control-wrap\" data-name=\"your-name\"><input size=\"40\" maxlength=\"400\" class=\"wpcf7-form-control wpcf7-text wpcf7-validates-as-required\" aria-required=\"true\" aria-invalid=\"false\" value=\"\" type=\"text\" name=\"your-name\" \/><\/span> <\/label>\n<\/p>\n<p><label> Votre e-mail<br \/>\n<span class=\"wpcf7-form-control-wrap\" data-name=\"your-email\"><input size=\"40\" maxlength=\"400\" class=\"wpcf7-form-control wpcf7-email wpcf7-validates-as-required wpcf7-text wpcf7-validates-as-email\" aria-required=\"true\" aria-invalid=\"false\" value=\"\" type=\"email\" name=\"your-email\" \/><\/span> <\/label>\n<\/p>\n<p><label> Objet<br \/>\n<span class=\"wpcf7-form-control-wrap\" data-name=\"your-subject\"><input size=\"40\" maxlength=\"400\" class=\"wpcf7-form-control wpcf7-text\" aria-invalid=\"false\" value=\"\" type=\"text\" name=\"your-subject\" \/><\/span> <\/label>\n<\/p>\n<p><label> Votre message (facultatif)<br \/>\n<span class=\"wpcf7-form-control-wrap\" data-name=\"your-message\"><textarea cols=\"40\" rows=\"10\" maxlength=\"2000\" class=\"wpcf7-form-control wpcf7-textarea wpcf7-validates-as-required\" aria-required=\"true\" aria-invalid=\"false\" name=\"your-message\"><\/textarea><\/span> <\/label>\n<\/p>\n<p><span class=\"wpcf7-form-control-wrap\" data-name=\"RGPD\"><span class=\"wpcf7-form-control wpcf7-checkbox wpcf7-validates-as-required\"><span class=\"wpcf7-list-item first last\"><label><input type=\"checkbox\" name=\"RGPD[]\" value=\"J&#039;accepte la politique de donn\u00e9es personnelles\" \/><span class=\"wpcf7-list-item-label\">J&#039;accepte la politique de donn\u00e9es personnelles<\/span><\/label><\/span><\/span><\/span>\n<\/p>\n<p><input class=\"wpcf7-form-control wpcf7-submit has-spinner\" type=\"submit\" value=\"Envoyer\" \/>\n<\/p><p style=\"display: none !important;\" class=\"akismet-fields-container\" data-prefix=\"_wpcf7_ak_\"><label>&#916;<textarea name=\"_wpcf7_ak_hp_textarea\" cols=\"45\" rows=\"8\" maxlength=\"100\"><\/textarea><\/label><input type=\"hidden\" id=\"ak_js_1\" name=\"_wpcf7_ak_js\" value=\"142\"\/><script>document.getElementById( \"ak_js_1\" ).setAttribute( \"value\", ( new Date() ).getTime() );<\/script><\/p><div class=\"wpcf7-response-output\" aria-hidden=\"true\"><\/div>\n<\/form>\n<\/div>\n\n\t<iframe src=\"https:\/\/www.google.com\/maps\/embed\/v1\/place?q=1+Rue+de+Mondovi%2C+13006+Marseille&#038;key=AIzaSyD09zQ9PNDNNy9TadMuzRV_UsPUoWKntt8\" aria-hidden=\"true\"><\/iframe>\n\t\t\t\t\t\t\t\t<a href=\"http:\/\/apesanteur.net\/\" target=\"_self\" itemprop=\"url\">\n\t\t\t\t\t\t\t\t\t<img decoding=\"async\" src=\"http:\/\/apesanteur.net\/wp-content\/uploads\/2023\/09\/logo_apesanteur_blanc.png\" alt=\"logo_apesanteur_blanc\" itemprop=\"image\" srcset=\"https:\/\/apesanteur.net\/wp-content\/uploads\/2023\/09\/logo_apesanteur_blanc.png 1504w, https:\/\/apesanteur.net\/wp-content\/uploads\/2023\/09\/logo_apesanteur_blanc-300x143.png 300w, https:\/\/apesanteur.net\/wp-content\/uploads\/2023\/09\/logo_apesanteur_blanc-1024x487.png 1024w, https:\/\/apesanteur.net\/wp-content\/uploads\/2023\/09\/logo_apesanteur_blanc-768x366.png 768w\" sizes=\"(max-width: 1504px) 100vw, 1504px\" title=\"logo_apesanteur_blanc\" onerror=\"this.style.display='none'\"  \/>\n\t\t\t\t\t\t\t\t\t\t\t\t\t<\/a>\n\t<h4>Acc\u00e8s rapides<\/h4>\n<a href=\"https:\/\/apesanteur.net\/index.php\/a-propos\/\">A propos<\/a><br \/>\n<a href=\"https:\/\/apesanteur.net\/index.php\/nos-metiers\/\">Nos m\u00e9tiers<\/a><br \/>\n<a href=\"https:\/\/apesanteur.net\/index.php\/nos-realisations\/\">Nos r\u00e9alisations<\/a><br \/>\n<a href=\"https:\/\/apesanteur.net\/index.php\/nos-partenaires\/\">Nos partenaires<\/a>\n\t\t\t<a href=\"https:\/\/apesanteur.net\/index.php\/contact\/\" target=\"_self\">\n\t\t\t\t\t\t\tNous \u00e9crire\n\t\t\t\t\t<\/a>\n\t<h4>Nous contacter<\/h4>\n1 Rue de Mondovi<br \/>\n13006 Marseille\n09 87 11 00 38<br \/>\n06 08 70 04 29<br \/>\n<a href=\"mailto:apesanteursarl@gmail.com\">apesanteursarl@gmail.com<\/a><br \/>\nN\u00b0 de Siret : 79846589400037\n\t<p><a href=\"https:\/\/apesanteur.net\/index.php\/mentions-legales\/\">Mentions l\u00e9gales<\/a> \u00b7 <a href=\"https:\/\/apesanteur.net\/index.php\/politique-de-donnees-personnelles\/\">Politique de donn\u00e9es personnelles<\/a><\/p>\n\n","protected":false},"excerpt":{"rendered":"<p>Nous contacter Adresses 69 avenue Franklin Roosevelt 13600 LA CIOTAT 1 rue de Mondovi 13006 MARSEILLE T\u00e9l\u00e9phone 09 87 11 00 38 (Isabelle MACHU) 06 08 70 04 29 (Fran\u00e7ois BOISSON) Horaires Le secr\u00e9tariat est ouvert tous les jours de 7h30 \u00e0 15h30 E-mail apesanteursarl@gmail.com Vous avez une question sur Apesanteur ? Vous souhaitez mettre&hellip;<\/p>\n","protected":false},"author":1,"featured_media":0,"parent":0,"menu_order":0,"comment_status":"closed","ping_status":"closed","template":"","meta":{"footnotes":""},"class_list":["post-236","page","type-page","status-publish","hentry"],"yoast_head":"<!-- This site is optimized with the Yoast SEO plugin v26.9 - https:\/\/yoast.com\/product\/yoast-seo-wordpress\/ -->\n<title>Contact - Apesanteur<\/title>\n<meta name=\"robots\" content=\"index, follow, max-snippet:-1, max-image-preview:large, max-video-preview:-1\" \/>\n<link rel=\"canonical\" href=\"https:\/\/apesanteur.net\/index.php\/contact\/\" \/>\n<meta property=\"og:locale\" content=\"fr_FR\" \/>\n<meta property=\"og:type\" content=\"article\" \/>\n<meta property=\"og:title\" content=\"Contact - Apesanteur\" \/>\n<meta property=\"og:description\" content=\"Nous contacter Adresses 69 avenue Franklin Roosevelt 13600 LA CIOTAT 1 rue de Mondovi 13006 MARSEILLE T\u00e9l\u00e9phone 09 87 11 00 38 (Isabelle MACHU) 06 08 70 04 29 (Fran\u00e7ois BOISSON) Horaires Le secr\u00e9tariat est ouvert tous les jours de 7h30 \u00e0 15h30 E-mail apesanteursarl@gmail.com Vous avez une question sur Apesanteur ? Vous souhaitez mettre&hellip;\" \/>\n<meta property=\"og:url\" content=\"https:\/\/apesanteur.net\/index.php\/contact\/\" \/>\n<meta property=\"og:site_name\" content=\"Apesanteur\" \/>\n<meta property=\"article:modified_time\" content=\"2025-09-17T16:05:02+00:00\" \/>\n<meta property=\"og:image\" content=\"http:\/\/apesanteur.net\/wp-content\/uploads\/2023\/09\/logo_apesanteur_blanc.png\" \/>\n<meta name=\"twitter:card\" content=\"summary_large_image\" \/>\n<meta name=\"twitter:label1\" content=\"Dur\u00e9e de lecture estim\u00e9e\" \/>\n\t<meta name=\"twitter:data1\" content=\"1 minute\" \/>\n<script type=\"application\/ld+json\" class=\"yoast-schema-graph\">{\"@context\":\"https:\/\/schema.org\",\"@graph\":[{\"@type\":\"WebPage\",\"@id\":\"https:\/\/apesanteur.net\/index.php\/contact\/\",\"url\":\"https:\/\/apesanteur.net\/index.php\/contact\/\",\"name\":\"Contact - Apesanteur\",\"isPartOf\":{\"@id\":\"https:\/\/apesanteur.net\/#website\"},\"primaryImageOfPage\":{\"@id\":\"https:\/\/apesanteur.net\/index.php\/contact\/#primaryimage\"},\"image\":{\"@id\":\"https:\/\/apesanteur.net\/index.php\/contact\/#primaryimage\"},\"thumbnailUrl\":\"http:\/\/apesanteur.net\/wp-content\/uploads\/2023\/09\/logo_apesanteur_blanc.png\",\"datePublished\":\"2023-10-16T07:45:43+00:00\",\"dateModified\":\"2025-09-17T16:05:02+00:00\",\"breadcrumb\":{\"@id\":\"https:\/\/apesanteur.net\/index.php\/contact\/#breadcrumb\"},\"inLanguage\":\"fr-FR\",\"potentialAction\":[{\"@type\":\"ReadAction\",\"target\":[\"https:\/\/apesanteur.net\/index.php\/contact\/\"]}]},{\"@type\":\"ImageObject\",\"inLanguage\":\"fr-FR\",\"@id\":\"https:\/\/apesanteur.net\/index.php\/contact\/#primaryimage\",\"url\":\"http:\/\/apesanteur.net\/wp-content\/uploads\/2023\/09\/logo_apesanteur_blanc.png\",\"contentUrl\":\"http:\/\/apesanteur.net\/wp-content\/uploads\/2023\/09\/logo_apesanteur_blanc.png\"},{\"@type\":\"BreadcrumbList\",\"@id\":\"https:\/\/apesanteur.net\/index.php\/contact\/#breadcrumb\",\"itemListElement\":[{\"@type\":\"ListItem\",\"position\":1,\"name\":\"Accueil\",\"item\":\"https:\/\/apesanteur.net\/\"},{\"@type\":\"ListItem\",\"position\":2,\"name\":\"Contact\"}]},{\"@type\":\"WebSite\",\"@id\":\"https:\/\/apesanteur.net\/#website\",\"url\":\"https:\/\/apesanteur.net\/\",\"name\":\"Apesanteur\",\"description\":\"Partenaire de vos travaux d&#039;acc\u00e8s difficiles en milieu industriel et urbain\",\"publisher\":{\"@id\":\"https:\/\/apesanteur.net\/#organization\"},\"alternateName\":\"Apensanteur\",\"potentialAction\":[{\"@type\":\"SearchAction\",\"target\":{\"@type\":\"EntryPoint\",\"urlTemplate\":\"https:\/\/apesanteur.net\/?s={search_term_string}\"},\"query-input\":{\"@type\":\"PropertyValueSpecification\",\"valueRequired\":true,\"valueName\":\"search_term_string\"}}],\"inLanguage\":\"fr-FR\"},{\"@type\":\"Organization\",\"@id\":\"https:\/\/apesanteur.net\/#organization\",\"name\":\"Apesanteur\",\"alternateName\":\"Apesanteur\",\"url\":\"https:\/\/apesanteur.net\/\",\"logo\":{\"@type\":\"ImageObject\",\"inLanguage\":\"fr-FR\",\"@id\":\"https:\/\/apesanteur.net\/#\/schema\/logo\/image\/\",\"url\":\"https:\/\/apesanteur.net\/wp-content\/uploads\/2023\/09\/logo_apesanteur_coul.png\",\"contentUrl\":\"https:\/\/apesanteur.net\/wp-content\/uploads\/2023\/09\/logo_apesanteur_coul.png\",\"width\":1504,\"height\":716,\"caption\":\"Apesanteur\"},\"image\":{\"@id\":\"https:\/\/apesanteur.net\/#\/schema\/logo\/image\/\"}}]}<\/script>\n<!-- \/ Yoast SEO plugin. -->","yoast_head_json":{"title":"Contact - Apesanteur","robots":{"index":"index","follow":"follow","max-snippet":"max-snippet:-1","max-image-preview":"max-image-preview:large","max-video-preview":"max-video-preview:-1"},"canonical":"https:\/\/apesanteur.net\/index.php\/contact\/","og_locale":"fr_FR","og_type":"article","og_title":"Contact - Apesanteur","og_description":"Nous contacter Adresses 69 avenue Franklin Roosevelt 13600 LA CIOTAT 1 rue de Mondovi 13006 MARSEILLE T\u00e9l\u00e9phone 09 87 11 00 38 (Isabelle MACHU) 06 08 70 04 29 (Fran\u00e7ois BOISSON) Horaires Le secr\u00e9tariat est ouvert tous les jours de 7h30 \u00e0 15h30 E-mail apesanteursarl@gmail.com Vous avez une question sur Apesanteur ? Vous souhaitez mettre&hellip;","og_url":"https:\/\/apesanteur.net\/index.php\/contact\/","og_site_name":"Apesanteur","article_modified_time":"2025-09-17T16:05:02+00:00","og_image":[{"url":"http:\/\/apesanteur.net\/wp-content\/uploads\/2023\/09\/logo_apesanteur_blanc.png","type":"","width":"","height":""}],"twitter_card":"summary_large_image","twitter_misc":{"Dur\u00e9e de lecture estim\u00e9e":"1 minute"},"schema":{"@context":"https:\/\/schema.org","@graph":[{"@type":"WebPage","@id":"https:\/\/apesanteur.net\/index.php\/contact\/","url":"https:\/\/apesanteur.net\/index.php\/contact\/","name":"Contact - Apesanteur","isPartOf":{"@id":"https:\/\/apesanteur.net\/#website"},"primaryImageOfPage":{"@id":"https:\/\/apesanteur.net\/index.php\/contact\/#primaryimage"},"image":{"@id":"https:\/\/apesanteur.net\/index.php\/contact\/#primaryimage"},"thumbnailUrl":"http:\/\/apesanteur.net\/wp-content\/uploads\/2023\/09\/logo_apesanteur_blanc.png","datePublished":"2023-10-16T07:45:43+00:00","dateModified":"2025-09-17T16:05:02+00:00","breadcrumb":{"@id":"https:\/\/apesanteur.net\/index.php\/contact\/#breadcrumb"},"inLanguage":"fr-FR","potentialAction":[{"@type":"ReadAction","target":["https:\/\/apesanteur.net\/index.php\/contact\/"]}]},{"@type":"ImageObject","inLanguage":"fr-FR","@id":"https:\/\/apesanteur.net\/index.php\/contact\/#primaryimage","url":"http:\/\/apesanteur.net\/wp-content\/uploads\/2023\/09\/logo_apesanteur_blanc.png","contentUrl":"http:\/\/apesanteur.net\/wp-content\/uploads\/2023\/09\/logo_apesanteur_blanc.png"},{"@type":"BreadcrumbList","@id":"https:\/\/apesanteur.net\/index.php\/contact\/#breadcrumb","itemListElement":[{"@type":"ListItem","position":1,"name":"Accueil","item":"https:\/\/apesanteur.net\/"},{"@type":"ListItem","position":2,"name":"Contact"}]},{"@type":"WebSite","@id":"https:\/\/apesanteur.net\/#website","url":"https:\/\/apesanteur.net\/","name":"Apesanteur","description":"Partenaire de vos travaux d&#039;acc\u00e8s difficiles en milieu industriel et urbain","publisher":{"@id":"https:\/\/apesanteur.net\/#organization"},"alternateName":"Apensanteur","potentialAction":[{"@type":"SearchAction","target":{"@type":"EntryPoint","urlTemplate":"https:\/\/apesanteur.net\/?s={search_term_string}"},"query-input":{"@type":"PropertyValueSpecification","valueRequired":true,"valueName":"search_term_string"}}],"inLanguage":"fr-FR"},{"@type":"Organization","@id":"https:\/\/apesanteur.net\/#organization","name":"Apesanteur","alternateName":"Apesanteur","url":"https:\/\/apesanteur.net\/","logo":{"@type":"ImageObject","inLanguage":"fr-FR","@id":"https:\/\/apesanteur.net\/#\/schema\/logo\/image\/","url":"https:\/\/apesanteur.net\/wp-content\/uploads\/2023\/09\/logo_apesanteur_coul.png","contentUrl":"https:\/\/apesanteur.net\/wp-content\/uploads\/2023\/09\/logo_apesanteur_coul.png","width":1504,"height":716,"caption":"Apesanteur"},"image":{"@id":"https:\/\/apesanteur.net\/#\/schema\/logo\/image\/"}}]}},"_links":{"self":[{"href":"https:\/\/apesanteur.net\/index.php\/wp-json\/wp\/v2\/pages\/236","targetHints":{"allow":["GET"]}}],"collection":[{"href":"https:\/\/apesanteur.net\/index.php\/wp-json\/wp\/v2\/pages"}],"about":[{"href":"https:\/\/apesanteur.net\/index.php\/wp-json\/wp\/v2\/types\/page"}],"author":[{"embeddable":true,"href":"https:\/\/apesanteur.net\/index.php\/wp-json\/wp\/v2\/users\/1"}],"replies":[{"embeddable":true,"href":"https:\/\/apesanteur.net\/index.php\/wp-json\/wp\/v2\/comments?post=236"}],"version-history":[{"count":12,"href":"https:\/\/apesanteur.net\/index.php\/wp-json\/wp\/v2\/pages\/236\/revisions"}],"predecessor-version":[{"id":564,"href":"https:\/\/apesanteur.net\/index.php\/wp-json\/wp\/v2\/pages\/236\/revisions\/564"}],"wp:attachment":[{"href":"https:\/\/apesanteur.net\/index.php\/wp-json\/wp\/v2\/media?parent=236"}],"curies":[{"name":"wp","href":"https:\/\/api.w.org\/{rel}","templated":true}]}}