{"id":246,"date":"2023-10-16T10:15:05","date_gmt":"2023-10-16T08:15:05","guid":{"rendered":"https:\/\/apesanteur.net\/?page_id=246"},"modified":"2023-10-30T08:47:36","modified_gmt":"2023-10-30T07:47:36","slug":"mentions-legales","status":"publish","type":"page","link":"https:\/\/apesanteur.net\/index.php\/mentions-legales\/","title":{"rendered":"Mentions l\u00e9gales"},"content":{"rendered":"\n<h1>\n\t\tMentions l\u00e9gales\n\t<\/h1>\n\t<h4>Responsable de la Publication<\/h4>\nSARL APESANTEUR<br \/>\n1 rue de Mondovi<br \/>\n13006 MARSEILLE\n<p>09 87 11 00 38<\/p>\n<p><a href=\"mailto:apesanteursarl@gmail.com\">apesanteursarl@gmail.com<\/a><\/p>\n<h4>H\u00e9bergement<\/h4>\nOVH<br \/>\n2 rue Kellerman<br \/>\nBP 80157 59100 Roubaix\n<h4>Conception \/ R\u00e9alisation<\/h4>\n<p>Ce site a \u00e9t\u00e9 r\u00e9alis\u00e9 par l&rsquo;agence <a href=\"mailto:arnaud.jeanmet@chilicom.fr\">Chili Com<\/a> en partenariat avec <a href=\"https:\/\/margaretdesign.fr\/\" target=\"_blank\" rel=\"noopener\">Margaret Design<\/a>.<\/p>\n<h4>Propri\u00e9t\u00e9s intellectuelles<\/h4>\n<p>Les contenus pr\u00e9sents sur le <a href=\"https:\/\/apesanteur.net\/\">apesanteur.net<\/a> sont la propri\u00e9t\u00e9 d&rsquo;Apesanteur. Ces Contenus \u00e9tant prot\u00e9g\u00e9s par le droit d&rsquo;auteur, toute reproduction est en principe conditionn\u00e9e \u00e0 l&rsquo;accord de l&rsquo;association en vertu de l&rsquo;article L.122-4 du Code de la Propri\u00e9t\u00e9 Intellectuelle.<\/p>\n<p>Toutefois, les contenus mis \u00e0 disposition du public sur le site peuvent \u00eatre reproduits de mani\u00e8re occasionnelle \u00e0 condition de citer la source \u00e0 la suite du contenu reproduit, et ce de la mani\u00e8re suivante :<\/p>\n<p>\u00ab Contenu publi\u00e9 sur le site <a href=\"https:\/\/apesanteur.net\/\">apesanteur.net<\/a> \u00a0\u00bb.<\/p>\n<p>Cette mention pointera directement sur la page correspondante gr\u00e2ce \u00e0 un lien hypertexte.<\/p>\n<h4>Vie priv\u00e9e<\/h4>\nLors de sa navigation sur le site internet <a href=\"https:\/\/apesanteur.net\/\">apesanteur.net<\/a>, l&rsquo;utilisateur peut \u00eatre amen\u00e9, s&rsquo;il le souhaite, \u00e0 renseigner des formulaires comportant des donn\u00e9es \u00e0 caract\u00e8re personnel, telles que d\u00e9finies aux termes de l&rsquo;article 2 de la loi du 6 janvier 1978, modifi\u00e9e par la loi du 6 ao\u00fbt 2004.<br \/>\nLes informations ainsi recueillies font l&rsquo;objet d&rsquo;un traitement informatique permettant de faire conna\u00eetre l&rsquo;actualit\u00e9 d&rsquo;Apesanteur.\n<p>Conform\u00e9ment aux dispositions de la loi du 6 janvier 1978, modifi\u00e9e par la loi du 6 ao\u00fbt 2004, vous disposez d&rsquo;un droit d&rsquo;opposition (article 38), d&rsquo;acc\u00e8s (article 39) et de rectification (article 40) s&rsquo;agissant des informations qui vous concernent. Si vous souhaitez obtenir communication de ces informations et solliciter des mesures de correction ou d&rsquo;effacement, il vous suffit de nous adresser un courriel \u00e0 <a href=\"mailto:apesanteursarl@gmail.com\">apesanteursarl@gmail.com<\/a>.<\/p>\n<p>L&rsquo;utilisateur est inform\u00e9 de ce que le site <a href=\"https:\/\/apesanteur.net\/\">apesanteur.net<\/a> et\/ou des prestataires peuvent d\u00e9poser des cookies dans son ordinateur. Ces outils ne comportent aucune donn\u00e9e nominative et sont utilis\u00e9s uniquement \u00e0 des fins statistiques.<\/p>\n\t\t\t\t\t\t\t\t<a href=\"http:\/\/apesanteur.net\/\" target=\"_self\" itemprop=\"url\" rel=\"noopener\">\n\t\t\t\t\t\t\t\t\t<img decoding=\"async\" src=\"http:\/\/apesanteur.net\/wp-content\/uploads\/2023\/09\/logo_apesanteur_blanc.png\" alt=\"logo_apesanteur_blanc\" itemprop=\"image\" srcset=\"https:\/\/apesanteur.net\/wp-content\/uploads\/2023\/09\/logo_apesanteur_blanc.png 1504w, https:\/\/apesanteur.net\/wp-content\/uploads\/2023\/09\/logo_apesanteur_blanc-300x143.png 300w, https:\/\/apesanteur.net\/wp-content\/uploads\/2023\/09\/logo_apesanteur_blanc-1024x487.png 1024w, https:\/\/apesanteur.net\/wp-content\/uploads\/2023\/09\/logo_apesanteur_blanc-768x366.png 768w\" sizes=\"(max-width: 1504px) 100vw, 1504px\" title=\"logo_apesanteur_blanc\" onerror=\"this.style.display='none'\"  \/>\n\t\t\t\t\t\t\t\t\t\t\t\t\t<\/a>\n\t<h3>Acc\u00e8s rapides<\/h3>\n<a href=\"https:\/\/apesanteur.net\/index.php\/a-propos\/\">A propos<\/a><br \/>\n<a href=\"https:\/\/apesanteur.net\/index.php\/nos-metiers\/\">Nos m\u00e9tiers<\/a><br \/>\n<a href=\"https:\/\/apesanteur.net\/index.php\/nos-realisations\/\">Nos r\u00e9alisations<\/a><br \/>\n<a href=\"https:\/\/apesanteur.net\/index.php\/nos-partenaires\/\">Nos partenaires<\/a>\n\t\t\t<a href=\"https:\/\/apesanteur.net\/index.php\/contact\/\" target=\"_self\" rel=\"noopener\">\n\t\t\t\t\t\t\tNous \u00e9crire\n\t\t\t\t\t<\/a>\n\t<h3>Nous contacter<\/h3>\n1 Rue de Mondovi<br \/>\n13006 Marseille\n09 87 11 00 38<br \/>\n06 08 70 04 29<br \/>\n<a href=\"mailto:apesanteursarl@gmail.com\">apesanteursarl@gmail.com<\/a>\n\t<p><a href=\"https:\/\/apesanteur.net\/index.php\/mentions-legales\/\">Mentions l\u00e9gales<\/a> \u00b7 <a href=\"https:\/\/apesanteur.net\/index.php\/politique-de-donnees-personnelles\/\">Politique de donn\u00e9es personnelles<\/a><\/p>\n\n","protected":false},"excerpt":{"rendered":"<p>Mentions l\u00e9gales Responsable de la Publication SARL APESANTEUR 1 rue de Mondovi 13006 MARSEILLE 09 87 11 00 38 apesanteursarl@gmail.com H\u00e9bergement OVH 2 rue Kellerman BP 80157 59100 Roubaix Conception \/ R\u00e9alisation Ce site a \u00e9t\u00e9 r\u00e9alis\u00e9 par l&rsquo;agence Chili Com en partenariat avec Margaret Design. Propri\u00e9t\u00e9s intellectuelles Les contenus pr\u00e9sents sur le apesanteur.net sont&hellip;<\/p>\n","protected":false},"author":1,"featured_media":0,"parent":0,"menu_order":0,"comment_status":"closed","ping_status":"closed","template":"","meta":{"footnotes":""},"class_list":["post-246","page","type-page","status-publish","hentry"],"yoast_head":"<!-- This site is optimized with the Yoast SEO plugin v26.9 - https:\/\/yoast.com\/product\/yoast-seo-wordpress\/ -->\n<title>Mentions l\u00e9gales - Apesanteur<\/title>\n<meta name=\"robots\" content=\"index, follow, max-snippet:-1, max-image-preview:large, max-video-preview:-1\" \/>\n<link rel=\"canonical\" href=\"https:\/\/apesanteur.net\/index.php\/mentions-legales\/\" \/>\n<meta property=\"og:locale\" content=\"fr_FR\" \/>\n<meta property=\"og:type\" content=\"article\" \/>\n<meta property=\"og:title\" content=\"Mentions l\u00e9gales - Apesanteur\" \/>\n<meta property=\"og:description\" content=\"Mentions l\u00e9gales Responsable de la Publication SARL APESANTEUR 1 rue de Mondovi 13006 MARSEILLE 09 87 11 00 38 apesanteursarl@gmail.com H\u00e9bergement OVH 2 rue Kellerman BP 80157 59100 Roubaix Conception \/ R\u00e9alisation Ce site a \u00e9t\u00e9 r\u00e9alis\u00e9 par l&rsquo;agence Chili Com en partenariat avec Margaret Design. Propri\u00e9t\u00e9s intellectuelles Les contenus pr\u00e9sents sur le apesanteur.net sont&hellip;\" \/>\n<meta property=\"og:url\" content=\"https:\/\/apesanteur.net\/index.php\/mentions-legales\/\" \/>\n<meta property=\"og:site_name\" content=\"Apesanteur\" \/>\n<meta property=\"article:modified_time\" content=\"2023-10-30T07:47:36+00:00\" \/>\n<meta property=\"og:image\" content=\"http:\/\/apesanteur.net\/wp-content\/uploads\/2023\/09\/logo_apesanteur_blanc.png\" \/>\n<meta name=\"twitter:card\" content=\"summary_large_image\" \/>\n<meta name=\"twitter:label1\" content=\"Dur\u00e9e de lecture estim\u00e9e\" \/>\n\t<meta name=\"twitter:data1\" content=\"2 minutes\" \/>\n<script type=\"application\/ld+json\" class=\"yoast-schema-graph\">{\"@context\":\"https:\/\/schema.org\",\"@graph\":[{\"@type\":\"WebPage\",\"@id\":\"https:\/\/apesanteur.net\/index.php\/mentions-legales\/\",\"url\":\"https:\/\/apesanteur.net\/index.php\/mentions-legales\/\",\"name\":\"Mentions l\u00e9gales - Apesanteur\",\"isPartOf\":{\"@id\":\"https:\/\/apesanteur.net\/#website\"},\"primaryImageOfPage\":{\"@id\":\"https:\/\/apesanteur.net\/index.php\/mentions-legales\/#primaryimage\"},\"image\":{\"@id\":\"https:\/\/apesanteur.net\/index.php\/mentions-legales\/#primaryimage\"},\"thumbnailUrl\":\"http:\/\/apesanteur.net\/wp-content\/uploads\/2023\/09\/logo_apesanteur_blanc.png\",\"datePublished\":\"2023-10-16T08:15:05+00:00\",\"dateModified\":\"2023-10-30T07:47:36+00:00\",\"breadcrumb\":{\"@id\":\"https:\/\/apesanteur.net\/index.php\/mentions-legales\/#breadcrumb\"},\"inLanguage\":\"fr-FR\",\"potentialAction\":[{\"@type\":\"ReadAction\",\"target\":[\"https:\/\/apesanteur.net\/index.php\/mentions-legales\/\"]}]},{\"@type\":\"ImageObject\",\"inLanguage\":\"fr-FR\",\"@id\":\"https:\/\/apesanteur.net\/index.php\/mentions-legales\/#primaryimage\",\"url\":\"http:\/\/apesanteur.net\/wp-content\/uploads\/2023\/09\/logo_apesanteur_blanc.png\",\"contentUrl\":\"http:\/\/apesanteur.net\/wp-content\/uploads\/2023\/09\/logo_apesanteur_blanc.png\"},{\"@type\":\"BreadcrumbList\",\"@id\":\"https:\/\/apesanteur.net\/index.php\/mentions-legales\/#breadcrumb\",\"itemListElement\":[{\"@type\":\"ListItem\",\"position\":1,\"name\":\"Accueil\",\"item\":\"https:\/\/apesanteur.net\/\"},{\"@type\":\"ListItem\",\"position\":2,\"name\":\"Mentions l\u00e9gales\"}]},{\"@type\":\"WebSite\",\"@id\":\"https:\/\/apesanteur.net\/#website\",\"url\":\"https:\/\/apesanteur.net\/\",\"name\":\"Apesanteur\",\"description\":\"Partenaire de vos travaux d&#039;acc\u00e8s difficiles en milieu industriel et urbain\",\"publisher\":{\"@id\":\"https:\/\/apesanteur.net\/#organization\"},\"alternateName\":\"Apensanteur\",\"potentialAction\":[{\"@type\":\"SearchAction\",\"target\":{\"@type\":\"EntryPoint\",\"urlTemplate\":\"https:\/\/apesanteur.net\/?s={search_term_string}\"},\"query-input\":{\"@type\":\"PropertyValueSpecification\",\"valueRequired\":true,\"valueName\":\"search_term_string\"}}],\"inLanguage\":\"fr-FR\"},{\"@type\":\"Organization\",\"@id\":\"https:\/\/apesanteur.net\/#organization\",\"name\":\"Apesanteur\",\"alternateName\":\"Apesanteur\",\"url\":\"https:\/\/apesanteur.net\/\",\"logo\":{\"@type\":\"ImageObject\",\"inLanguage\":\"fr-FR\",\"@id\":\"https:\/\/apesanteur.net\/#\/schema\/logo\/image\/\",\"url\":\"https:\/\/apesanteur.net\/wp-content\/uploads\/2023\/09\/logo_apesanteur_coul.png\",\"contentUrl\":\"https:\/\/apesanteur.net\/wp-content\/uploads\/2023\/09\/logo_apesanteur_coul.png\",\"width\":1504,\"height\":716,\"caption\":\"Apesanteur\"},\"image\":{\"@id\":\"https:\/\/apesanteur.net\/#\/schema\/logo\/image\/\"}}]}<\/script>\n<!-- \/ Yoast SEO plugin. -->","yoast_head_json":{"title":"Mentions l\u00e9gales - Apesanteur","robots":{"index":"index","follow":"follow","max-snippet":"max-snippet:-1","max-image-preview":"max-image-preview:large","max-video-preview":"max-video-preview:-1"},"canonical":"https:\/\/apesanteur.net\/index.php\/mentions-legales\/","og_locale":"fr_FR","og_type":"article","og_title":"Mentions l\u00e9gales - Apesanteur","og_description":"Mentions l\u00e9gales Responsable de la Publication SARL APESANTEUR 1 rue de Mondovi 13006 MARSEILLE 09 87 11 00 38 apesanteursarl@gmail.com H\u00e9bergement OVH 2 rue Kellerman BP 80157 59100 Roubaix Conception \/ R\u00e9alisation Ce site a \u00e9t\u00e9 r\u00e9alis\u00e9 par l&rsquo;agence Chili Com en partenariat avec Margaret Design. Propri\u00e9t\u00e9s intellectuelles Les contenus pr\u00e9sents sur le apesanteur.net sont&hellip;","og_url":"https:\/\/apesanteur.net\/index.php\/mentions-legales\/","og_site_name":"Apesanteur","article_modified_time":"2023-10-30T07:47:36+00:00","og_image":[{"url":"http:\/\/apesanteur.net\/wp-content\/uploads\/2023\/09\/logo_apesanteur_blanc.png","type":"","width":"","height":""}],"twitter_card":"summary_large_image","twitter_misc":{"Dur\u00e9e de lecture estim\u00e9e":"2 minutes"},"schema":{"@context":"https:\/\/schema.org","@graph":[{"@type":"WebPage","@id":"https:\/\/apesanteur.net\/index.php\/mentions-legales\/","url":"https:\/\/apesanteur.net\/index.php\/mentions-legales\/","name":"Mentions l\u00e9gales - Apesanteur","isPartOf":{"@id":"https:\/\/apesanteur.net\/#website"},"primaryImageOfPage":{"@id":"https:\/\/apesanteur.net\/index.php\/mentions-legales\/#primaryimage"},"image":{"@id":"https:\/\/apesanteur.net\/index.php\/mentions-legales\/#primaryimage"},"thumbnailUrl":"http:\/\/apesanteur.net\/wp-content\/uploads\/2023\/09\/logo_apesanteur_blanc.png","datePublished":"2023-10-16T08:15:05+00:00","dateModified":"2023-10-30T07:47:36+00:00","breadcrumb":{"@id":"https:\/\/apesanteur.net\/index.php\/mentions-legales\/#breadcrumb"},"inLanguage":"fr-FR","potentialAction":[{"@type":"ReadAction","target":["https:\/\/apesanteur.net\/index.php\/mentions-legales\/"]}]},{"@type":"ImageObject","inLanguage":"fr-FR","@id":"https:\/\/apesanteur.net\/index.php\/mentions-legales\/#primaryimage","url":"http:\/\/apesanteur.net\/wp-content\/uploads\/2023\/09\/logo_apesanteur_blanc.png","contentUrl":"http:\/\/apesanteur.net\/wp-content\/uploads\/2023\/09\/logo_apesanteur_blanc.png"},{"@type":"BreadcrumbList","@id":"https:\/\/apesanteur.net\/index.php\/mentions-legales\/#breadcrumb","itemListElement":[{"@type":"ListItem","position":1,"name":"Accueil","item":"https:\/\/apesanteur.net\/"},{"@type":"ListItem","position":2,"name":"Mentions l\u00e9gales"}]},{"@type":"WebSite","@id":"https:\/\/apesanteur.net\/#website","url":"https:\/\/apesanteur.net\/","name":"Apesanteur","description":"Partenaire de vos travaux d&#039;acc\u00e8s difficiles en milieu industriel et urbain","publisher":{"@id":"https:\/\/apesanteur.net\/#organization"},"alternateName":"Apensanteur","potentialAction":[{"@type":"SearchAction","target":{"@type":"EntryPoint","urlTemplate":"https:\/\/apesanteur.net\/?s={search_term_string}"},"query-input":{"@type":"PropertyValueSpecification","valueRequired":true,"valueName":"search_term_string"}}],"inLanguage":"fr-FR"},{"@type":"Organization","@id":"https:\/\/apesanteur.net\/#organization","name":"Apesanteur","alternateName":"Apesanteur","url":"https:\/\/apesanteur.net\/","logo":{"@type":"ImageObject","inLanguage":"fr-FR","@id":"https:\/\/apesanteur.net\/#\/schema\/logo\/image\/","url":"https:\/\/apesanteur.net\/wp-content\/uploads\/2023\/09\/logo_apesanteur_coul.png","contentUrl":"https:\/\/apesanteur.net\/wp-content\/uploads\/2023\/09\/logo_apesanteur_coul.png","width":1504,"height":716,"caption":"Apesanteur"},"image":{"@id":"https:\/\/apesanteur.net\/#\/schema\/logo\/image\/"}}]}},"_links":{"self":[{"href":"https:\/\/apesanteur.net\/index.php\/wp-json\/wp\/v2\/pages\/246","targetHints":{"allow":["GET"]}}],"collection":[{"href":"https:\/\/apesanteur.net\/index.php\/wp-json\/wp\/v2\/pages"}],"about":[{"href":"https:\/\/apesanteur.net\/index.php\/wp-json\/wp\/v2\/types\/page"}],"author":[{"embeddable":true,"href":"https:\/\/apesanteur.net\/index.php\/wp-json\/wp\/v2\/users\/1"}],"replies":[{"embeddable":true,"href":"https:\/\/apesanteur.net\/index.php\/wp-json\/wp\/v2\/comments?post=246"}],"version-history":[{"count":3,"href":"https:\/\/apesanteur.net\/index.php\/wp-json\/wp\/v2\/pages\/246\/revisions"}],"predecessor-version":[{"id":383,"href":"https:\/\/apesanteur.net\/index.php\/wp-json\/wp\/v2\/pages\/246\/revisions\/383"}],"wp:attachment":[{"href":"https:\/\/apesanteur.net\/index.php\/wp-json\/wp\/v2\/media?parent=246"}],"curies":[{"name":"wp","href":"https:\/\/api.w.org\/{rel}","templated":true}]}}