{"id":565,"date":"2025-09-17T18:13:32","date_gmt":"2025-09-17T16:13:32","guid":{"rendered":"https:\/\/apesanteur.net\/?page_id=565"},"modified":"2025-09-18T08:22:42","modified_gmt":"2025-09-18T06:22:42","slug":"ds-toiture-notre-partenaire-pour-vos-travaux-de-toiture","status":"publish","type":"page","link":"https:\/\/apesanteur.net\/index.php\/ds-toiture-notre-partenaire-pour-vos-travaux-de-toiture\/","title":{"rendered":"DS Toiture, notre partenaire pour vos travaux de toiture"},"content":{"rendered":"\n<h1>\n\t\t\tDS Toiture, notre partenaire pour vos travaux de toiture\t<\/h1>\n\t<h4>DS TOITURE est une entreprise locale sp\u00e9cialis\u00e9e dans la r\u00e9novation, la r\u00e9paration et l&rsquo;entretien de toitures.<\/h4>\n<p>Forts de leur exp\u00e9rience, ils offrent des services professionnels pour r\u00e9pondre aux besoins de leurs clients en mati\u00e8re de toiture, garantissant ainsi qualit\u00e9 et satisfaction. Leur \u00e9quipe qualifi\u00e9e est d\u00e9di\u00e9e \u00e0 fournir des solutions durables et fiables pour prot\u00e9ger votre maison des intemp\u00e9ries.<\/p>\n\t\t\t\t<a\n\t\t\thref=\"https:\/\/apesanteur.net\/wp-content\/uploads\/2025\/09\/DS-Toiture-SARL-1.jpg\"\n\t\t\t\t\t\tdata-fancybox=\"images\" \n\t\t\ttitle=\"DS-Toiture-SARL (1)\" \n\t\t\t\t\t\tdata-caption=\"\"\n\t\t\t\t\t\tdata-description=\"\" \n\t\t\titemprop=\"contentUrl\">\n\t\t\t<img loading=\"lazy\" decoding=\"async\" src=\"https:\/\/apesanteur.net\/wp-content\/uploads\/2025\/09\/DS-Toiture-SARL-1.jpg\" alt=\"\" data-no-lazy=\"1\" itemprop=\"thumbnail\" width=\"500\" height=\"500\" \/>\n\t\t\t<!-- Overlay Wrapper -->\n\t\t\t <!-- Overlay Wrapper Closed -->\n\t\t\t\t<\/a>\n\t\t\t\t\t\t\t<meta itemprop=\"width\" content=\"500\" \/>\n\t\t\t<meta itemprop=\"height\" content=\"500\" \/>\n\t\t\t\t<a\n\t\t\thref=\"https:\/\/apesanteur.net\/wp-content\/uploads\/2025\/09\/DS-Toiture-2-1.png\"\n\t\t\t\t\t\tdata-fancybox=\"images\" \n\t\t\ttitle=\"DS Toiture 2\" \n\t\t\t\t\t\tdata-caption=\"\"\n\t\t\t\t\t\tdata-description=\"\" \n\t\t\titemprop=\"contentUrl\">\n\t\t\t<img loading=\"lazy\" decoding=\"async\" src=\"https:\/\/apesanteur.net\/wp-content\/uploads\/2025\/09\/DS-Toiture-2-1.png\" alt=\"\" data-no-lazy=\"1\" itemprop=\"thumbnail\" width=\"372\" height=\"372\" \/>\n\t\t\t<!-- Overlay Wrapper -->\n\t\t\t <!-- Overlay Wrapper Closed -->\n\t\t\t\t<\/a>\n\t\t\t\t\t\t\t<meta itemprop=\"width\" content=\"372\" \/>\n\t\t\t<meta itemprop=\"height\" content=\"372\" \/>\n\t\t\t\t<a\n\t\t\thref=\"https:\/\/apesanteur.net\/wp-content\/uploads\/2025\/09\/DS-Toiture-3-1.png\"\n\t\t\t\t\t\tdata-fancybox=\"images\" \n\t\t\ttitle=\"DS Toiture 3\" \n\t\t\t\t\t\tdata-caption=\"\"\n\t\t\t\t\t\tdata-description=\"\" \n\t\t\titemprop=\"contentUrl\">\n\t\t\t<img loading=\"lazy\" decoding=\"async\" src=\"https:\/\/apesanteur.net\/wp-content\/uploads\/2025\/09\/DS-Toiture-3-1.png\" alt=\"\" data-no-lazy=\"1\" itemprop=\"thumbnail\" width=\"362\" height=\"362\" \/>\n\t\t\t<!-- Overlay Wrapper -->\n\t\t\t <!-- Overlay Wrapper Closed -->\n\t\t\t\t<\/a>\n\t\t\t\t\t\t\t<meta itemprop=\"width\" content=\"362\" \/>\n\t\t\t<meta itemprop=\"height\" content=\"362\" \/>\n\t\t\t\t<a\n\t\t\thref=\"https:\/\/apesanteur.net\/wp-content\/uploads\/2025\/09\/DS-Toiture-4-1.png\"\n\t\t\t\t\t\tdata-fancybox=\"images\" \n\t\t\ttitle=\"DS Toiture 4\" \n\t\t\t\t\t\tdata-caption=\"\"\n\t\t\t\t\t\tdata-description=\"\" \n\t\t\titemprop=\"contentUrl\">\n\t\t\t<img loading=\"lazy\" decoding=\"async\" src=\"https:\/\/apesanteur.net\/wp-content\/uploads\/2025\/09\/DS-Toiture-4-1.png\" alt=\"\" data-no-lazy=\"1\" itemprop=\"thumbnail\" width=\"311\" height=\"311\" \/>\n\t\t\t<!-- Overlay Wrapper -->\n\t\t\t <!-- Overlay Wrapper Closed -->\n\t\t\t\t<\/a>\n\t\t\t\t\t\t\t<meta itemprop=\"width\" content=\"311\" \/>\n\t\t\t<meta itemprop=\"height\" content=\"311\" \/>\n\t\t\t\t\t\t\t\t\t<img loading=\"lazy\" decoding=\"async\" src=\"https:\/\/apesanteur.net\/wp-content\/uploads\/2025\/09\/recherche-fuite.png\" alt=\"recherche-fuite\" itemprop=\"image\" height=\"256\" width=\"256\" srcset=\"https:\/\/apesanteur.net\/wp-content\/uploads\/2025\/09\/recherche-fuite.png 256w, https:\/\/apesanteur.net\/wp-content\/uploads\/2025\/09\/recherche-fuite-150x150.png 150w\" sizes=\"auto, (max-width: 256px) 100vw, 256px\" title=\"recherche-fuite\" onerror=\"this.style.display='none'\"  \/>\n\t<p>La recherche de fuites de toiture<\/p>\n\t\t\t\t\t\t\t\t\t<img loading=\"lazy\" decoding=\"async\" src=\"https:\/\/apesanteur.net\/wp-content\/uploads\/2025\/09\/remplacement-tuile.png\" alt=\"remplacement-tuile\" itemprop=\"image\" height=\"256\" width=\"256\" srcset=\"https:\/\/apesanteur.net\/wp-content\/uploads\/2025\/09\/remplacement-tuile.png 256w, https:\/\/apesanteur.net\/wp-content\/uploads\/2025\/09\/remplacement-tuile-150x150.png 150w\" sizes=\"auto, (max-width: 256px) 100vw, 256px\" title=\"remplacement-tuile\" onerror=\"this.style.display='none'\"  \/>\n\t<p>Le remplacement de tuiles cass\u00e9es<\/p>\n\t\t\t\t\t\t\t\t\t<img loading=\"lazy\" decoding=\"async\" src=\"https:\/\/apesanteur.net\/wp-content\/uploads\/2025\/09\/reparation-faitages-rives.png\" alt=\"reparation-faitages-rives\" itemprop=\"image\" height=\"256\" width=\"256\" srcset=\"https:\/\/apesanteur.net\/wp-content\/uploads\/2025\/09\/reparation-faitages-rives.png 256w, https:\/\/apesanteur.net\/wp-content\/uploads\/2025\/09\/reparation-faitages-rives-150x150.png 150w\" sizes=\"auto, (max-width: 256px) 100vw, 256px\" title=\"reparation-faitages-rives\" onerror=\"this.style.display='none'\"  \/>\n\t<p>La r\u00e9paration de fa\u00eetages et rives<\/p>\n\t\t\t\t\t\t\t\t\t<img loading=\"lazy\" decoding=\"async\" src=\"https:\/\/apesanteur.net\/wp-content\/uploads\/2025\/09\/remplacement-couverture.png\" alt=\"remplacement-couverture\" itemprop=\"image\" height=\"256\" width=\"256\" srcset=\"https:\/\/apesanteur.net\/wp-content\/uploads\/2025\/09\/remplacement-couverture.png 256w, https:\/\/apesanteur.net\/wp-content\/uploads\/2025\/09\/remplacement-couverture-150x150.png 150w\" sizes=\"auto, (max-width: 256px) 100vw, 256px\" title=\"remplacement-couverture\" onerror=\"this.style.display='none'\"  \/>\n\t<p>Le remplacement complet de couverture (tuiles, ardoises, zinc, bac acier)<\/p>\n\t\t\t\t\t\t\t\t\t<img loading=\"lazy\" decoding=\"async\" src=\"https:\/\/apesanteur.net\/wp-content\/uploads\/2025\/09\/isolation-toit.png\" alt=\"isolation-toit\" itemprop=\"image\" height=\"256\" width=\"256\" srcset=\"https:\/\/apesanteur.net\/wp-content\/uploads\/2025\/09\/isolation-toit.png 256w, https:\/\/apesanteur.net\/wp-content\/uploads\/2025\/09\/isolation-toit-150x150.png 150w\" sizes=\"auto, (max-width: 256px) 100vw, 256px\" title=\"isolation-toit\" onerror=\"this.style.display='none'\"  \/>\n\t<p>L&rsquo;isolation de la toiture<\/p>\n\t\t\t\t\t\t\t\t\t<img loading=\"lazy\" decoding=\"async\" src=\"https:\/\/apesanteur.net\/wp-content\/uploads\/2025\/09\/ecran-sous-toiture.png\" alt=\"ecran-sous-toiture\" itemprop=\"image\" height=\"256\" width=\"256\" srcset=\"https:\/\/apesanteur.net\/wp-content\/uploads\/2025\/09\/ecran-sous-toiture.png 256w, https:\/\/apesanteur.net\/wp-content\/uploads\/2025\/09\/ecran-sous-toiture-150x150.png 150w\" sizes=\"auto, (max-width: 256px) 100vw, 256px\" title=\"ecran-sous-toiture\" onerror=\"this.style.display='none'\"  \/>\n\t<p>La pose d&rsquo;\u00e9cran sous toiture<\/p>\n\t\t\t\t<a\n\t\t\thref=\"https:\/\/apesanteur.net\/wp-content\/uploads\/2025\/09\/Toiture-1.png\"\n\t\t\t\t\t\tdata-fancybox=\"images\" \n\t\t\ttitle=\"Toiture 1\" \n\t\t\t\t\t\tdata-caption=\"\"\n\t\t\t\t\t\tdata-description=\"\" \n\t\t\titemprop=\"contentUrl\">\n\t\t\t<img loading=\"lazy\" decoding=\"async\" src=\"https:\/\/apesanteur.net\/wp-content\/uploads\/2025\/09\/Toiture-1.png\" alt=\"\" data-no-lazy=\"1\" itemprop=\"thumbnail\" width=\"312\" height=\"312\" \/>\n\t\t\t<!-- Overlay Wrapper -->\n\t\t\t <!-- Overlay Wrapper Closed -->\n\t\t\t\t<\/a>\n\t\t\t\t\t\t\t<meta itemprop=\"width\" content=\"312\" \/>\n\t\t\t<meta itemprop=\"height\" content=\"312\" \/>\n\t\t\t\t<a\n\t\t\thref=\"https:\/\/apesanteur.net\/wp-content\/uploads\/2025\/09\/Toiture-2.png\"\n\t\t\t\t\t\tdata-fancybox=\"images\" \n\t\t\ttitle=\"Toiture 2\" \n\t\t\t\t\t\tdata-caption=\"\"\n\t\t\t\t\t\tdata-description=\"\" \n\t\t\titemprop=\"contentUrl\">\n\t\t\t<img loading=\"lazy\" decoding=\"async\" src=\"https:\/\/apesanteur.net\/wp-content\/uploads\/2025\/09\/Toiture-2.png\" alt=\"\" data-no-lazy=\"1\" itemprop=\"thumbnail\" width=\"397\" height=\"397\" \/>\n\t\t\t<!-- Overlay Wrapper -->\n\t\t\t <!-- Overlay Wrapper Closed -->\n\t\t\t\t<\/a>\n\t\t\t\t\t\t\t<meta itemprop=\"width\" content=\"397\" \/>\n\t\t\t<meta itemprop=\"height\" content=\"397\" \/>\n\t\t\t\t<a\n\t\t\thref=\"https:\/\/apesanteur.net\/wp-content\/uploads\/2025\/09\/Toiture-3.png\"\n\t\t\t\t\t\tdata-fancybox=\"images\" \n\t\t\ttitle=\"Toiture 3\" \n\t\t\t\t\t\tdata-caption=\"\"\n\t\t\t\t\t\tdata-description=\"\" \n\t\t\titemprop=\"contentUrl\">\n\t\t\t<img loading=\"lazy\" decoding=\"async\" src=\"https:\/\/apesanteur.net\/wp-content\/uploads\/2025\/09\/Toiture-3.png\" alt=\"\" data-no-lazy=\"1\" itemprop=\"thumbnail\" width=\"361\" height=\"361\" \/>\n\t\t\t<!-- Overlay Wrapper -->\n\t\t\t <!-- Overlay Wrapper Closed -->\n\t\t\t\t<\/a>\n\t\t\t\t\t\t\t<meta itemprop=\"width\" content=\"361\" \/>\n\t\t\t<meta itemprop=\"height\" content=\"361\" \/>\n\t\t\t\t<a\n\t\t\thref=\"https:\/\/apesanteur.net\/wp-content\/uploads\/2025\/09\/Toiture-4.png\"\n\t\t\t\t\t\tdata-fancybox=\"images\" \n\t\t\ttitle=\"Toiture 4\" \n\t\t\t\t\t\tdata-caption=\"\"\n\t\t\t\t\t\tdata-description=\"\" \n\t\t\titemprop=\"contentUrl\">\n\t\t\t<img loading=\"lazy\" decoding=\"async\" src=\"https:\/\/apesanteur.net\/wp-content\/uploads\/2025\/09\/Toiture-4.png\" alt=\"\" data-no-lazy=\"1\" itemprop=\"thumbnail\" width=\"324\" height=\"324\" \/>\n\t\t\t<!-- Overlay Wrapper -->\n\t\t\t <!-- Overlay Wrapper Closed -->\n\t\t\t\t<\/a>\n\t\t\t\t\t\t\t<meta itemprop=\"width\" content=\"324\" \/>\n\t\t\t<meta itemprop=\"height\" content=\"324\" \/>\n\t<h4>Confier la r\u00e9paration de toiture \u00e0 un expert, c&rsquo;est prot\u00e9ger durablement votre maison.<\/h4>\n<p>Avec le temps, une toiture \u00e0 Marseille subit l&rsquo;usure due au soleil, \u00e0 la pluie, au mistral et \u00e0 l&rsquo;humidit\u00e9. DS Toiture r\u00e9alise la r\u00e9novation de toiture pour redonner toute sa solidit\u00e9 et son esth\u00e9tique \u00e0 votre toit. La r\u00e9novation de toiture \u00e0 Marseille permet d&rsquo;am\u00e9liorer l&rsquo;\u00e9tanch\u00e9it\u00e9, le confort et la valeur de votre maison. Un bon entretien prolonge la dur\u00e9e de vie de votre toit et \u00e9vite des r\u00e9parations co\u00fbteuses.<\/p>\n\t\t\t<a href=\"https:\/\/www.easydep.fr\/marseille-dstoiture\" target=\"_blank\" rel=\"noopener\">\n\t\t\t\t\t\t\tContacter DS TOITURE\n\t\t\t<\/a>\n\t\t\t\t\t\t\t\t<a href=\"http:\/\/apesanteur.net\/\" target=\"_self\" itemprop=\"url\">\n\t\t\t\t\t\t\t\t\t<img decoding=\"async\" src=\"http:\/\/apesanteur.net\/wp-content\/uploads\/2023\/09\/logo_apesanteur_blanc.png\" alt=\"logo_apesanteur_blanc\" itemprop=\"image\" srcset=\"https:\/\/apesanteur.net\/wp-content\/uploads\/2023\/09\/logo_apesanteur_blanc.png 1504w, https:\/\/apesanteur.net\/wp-content\/uploads\/2023\/09\/logo_apesanteur_blanc-300x143.png 300w, https:\/\/apesanteur.net\/wp-content\/uploads\/2023\/09\/logo_apesanteur_blanc-1024x487.png 1024w, https:\/\/apesanteur.net\/wp-content\/uploads\/2023\/09\/logo_apesanteur_blanc-768x366.png 768w\" sizes=\"(max-width: 1504px) 100vw, 1504px\" title=\"logo_apesanteur_blanc\" onerror=\"this.style.display='none'\"  \/>\n\t\t\t\t\t\t\t\t\t\t\t\t\t<\/a>\n\t<h4>Acc\u00e8s rapides<\/h4>\n<a href=\"https:\/\/apesanteur.net\/index.php\/a-propos\/\">A propos<\/a><br \/>\n<a href=\"https:\/\/apesanteur.net\/index.php\/nos-metiers\/\">Nos m\u00e9tiers<\/a><br \/>\n<a href=\"https:\/\/apesanteur.net\/index.php\/nos-realisations\/\">Nos r\u00e9alisations<\/a><br \/>\n<a href=\"https:\/\/apesanteur.net\/index.php\/nos-partenaires\/\">Nos partenaires<\/a>\n\t\t\t<a href=\"https:\/\/apesanteur.net\/index.php\/contact\/\" target=\"_self\">\n\t\t\t\t\t\t\tNous \u00e9crire\n\t\t\t\t\t<\/a>\n\t<h4>Nous contacter<\/h4>\n1 Rue de Mondovi<br \/>\n13006 Marseille\n09 87 11 00 38<br \/>\n06 08 70 04 29<br \/>\n<a href=\"mailto:apesanteursarl@gmail.com\">apesanteursarl@gmail.com<\/a><br \/>\nN\u00b0 de Siret : 79846589400037\n\t<p><a href=\"https:\/\/apesanteur.net\/index.php\/mentions-legales\/\">Mentions l\u00e9gales<\/a> \u00b7 <a href=\"https:\/\/apesanteur.net\/index.php\/politique-de-donnees-personnelles\/\">Politique de donn\u00e9es personnelles<\/a><\/p>\n\n","protected":false},"excerpt":{"rendered":"<p>DS Toiture, notre partenaire pour vos travaux de toiture DS TOITURE est une entreprise locale sp\u00e9cialis\u00e9e dans la r\u00e9novation, la r\u00e9paration et l&rsquo;entretien de toitures. Forts de leur exp\u00e9rience, ils offrent des services professionnels pour r\u00e9pondre aux besoins de leurs clients en mati\u00e8re de toiture, garantissant ainsi qualit\u00e9 et satisfaction. Leur \u00e9quipe qualifi\u00e9e est d\u00e9di\u00e9e&hellip;<\/p>\n","protected":false},"author":1,"featured_media":0,"parent":0,"menu_order":0,"comment_status":"closed","ping_status":"closed","template":"","meta":{"footnotes":""},"class_list":["post-565","page","type-page","status-publish","hentry"],"yoast_head":"<!-- This site is optimized with the Yoast SEO plugin v26.9 - https:\/\/yoast.com\/product\/yoast-seo-wordpress\/ -->\n<title>DS Toiture, notre partenaire pour vos travaux de toiture - Apesanteur<\/title>\n<meta name=\"description\" content=\"Apesanteur est une entreprise sp\u00e9cialis\u00e9e en travaux sur cordes \u00e0 Marseille. Nous intervenons en milieux d&#039;acc\u00e8s difficiles.\" \/>\n<meta name=\"robots\" content=\"index, follow, max-snippet:-1, max-image-preview:large, max-video-preview:-1\" \/>\n<link rel=\"canonical\" href=\"https:\/\/apesanteur.net\/index.php\/ds-toiture-notre-partenaire-pour-vos-travaux-de-toiture\/\" \/>\n<meta property=\"og:locale\" content=\"fr_FR\" \/>\n<meta property=\"og:type\" content=\"article\" \/>\n<meta property=\"og:title\" content=\"DS Toiture, notre partenaire pour vos travaux de toiture - Apesanteur\" \/>\n<meta property=\"og:description\" content=\"Apesanteur est une entreprise sp\u00e9cialis\u00e9e en travaux sur cordes \u00e0 Marseille. Nous intervenons en milieux d&#039;acc\u00e8s difficiles.\" \/>\n<meta property=\"og:url\" content=\"https:\/\/apesanteur.net\/index.php\/ds-toiture-notre-partenaire-pour-vos-travaux-de-toiture\/\" \/>\n<meta property=\"og:site_name\" content=\"Apesanteur\" \/>\n<meta property=\"article:modified_time\" content=\"2025-09-18T06:22:42+00:00\" \/>\n<meta property=\"og:image\" content=\"https:\/\/apesanteur.net\/wp-content\/uploads\/2025\/09\/DS-Toiture-SARL-1.jpg\" \/>\n<meta name=\"twitter:card\" content=\"summary_large_image\" \/>\n<meta name=\"twitter:label1\" content=\"Dur\u00e9e de lecture estim\u00e9e\" \/>\n\t<meta name=\"twitter:data1\" content=\"4 minutes\" \/>\n<script type=\"application\/ld+json\" class=\"yoast-schema-graph\">{\"@context\":\"https:\/\/schema.org\",\"@graph\":[{\"@type\":\"WebPage\",\"@id\":\"https:\/\/apesanteur.net\/index.php\/ds-toiture-notre-partenaire-pour-vos-travaux-de-toiture\/\",\"url\":\"https:\/\/apesanteur.net\/index.php\/ds-toiture-notre-partenaire-pour-vos-travaux-de-toiture\/\",\"name\":\"DS Toiture, notre partenaire pour vos travaux de toiture - Apesanteur\",\"isPartOf\":{\"@id\":\"https:\/\/apesanteur.net\/#website\"},\"primaryImageOfPage\":{\"@id\":\"https:\/\/apesanteur.net\/index.php\/ds-toiture-notre-partenaire-pour-vos-travaux-de-toiture\/#primaryimage\"},\"image\":{\"@id\":\"https:\/\/apesanteur.net\/index.php\/ds-toiture-notre-partenaire-pour-vos-travaux-de-toiture\/#primaryimage\"},\"thumbnailUrl\":\"https:\/\/apesanteur.net\/wp-content\/uploads\/2025\/09\/DS-Toiture-SARL-1.jpg\",\"datePublished\":\"2025-09-17T16:13:32+00:00\",\"dateModified\":\"2025-09-18T06:22:42+00:00\",\"description\":\"Apesanteur est une entreprise sp\u00e9cialis\u00e9e en travaux sur cordes \u00e0 Marseille. Nous intervenons en milieux d'acc\u00e8s difficiles.\",\"breadcrumb\":{\"@id\":\"https:\/\/apesanteur.net\/index.php\/ds-toiture-notre-partenaire-pour-vos-travaux-de-toiture\/#breadcrumb\"},\"inLanguage\":\"fr-FR\",\"potentialAction\":[{\"@type\":\"ReadAction\",\"target\":[\"https:\/\/apesanteur.net\/index.php\/ds-toiture-notre-partenaire-pour-vos-travaux-de-toiture\/\"]}]},{\"@type\":\"ImageObject\",\"inLanguage\":\"fr-FR\",\"@id\":\"https:\/\/apesanteur.net\/index.php\/ds-toiture-notre-partenaire-pour-vos-travaux-de-toiture\/#primaryimage\",\"url\":\"https:\/\/apesanteur.net\/wp-content\/uploads\/2025\/09\/DS-Toiture-SARL-1.jpg\",\"contentUrl\":\"https:\/\/apesanteur.net\/wp-content\/uploads\/2025\/09\/DS-Toiture-SARL-1.jpg\"},{\"@type\":\"BreadcrumbList\",\"@id\":\"https:\/\/apesanteur.net\/index.php\/ds-toiture-notre-partenaire-pour-vos-travaux-de-toiture\/#breadcrumb\",\"itemListElement\":[{\"@type\":\"ListItem\",\"position\":1,\"name\":\"Accueil\",\"item\":\"https:\/\/apesanteur.net\/\"},{\"@type\":\"ListItem\",\"position\":2,\"name\":\"DS Toiture, notre partenaire pour vos travaux de toiture\"}]},{\"@type\":\"WebSite\",\"@id\":\"https:\/\/apesanteur.net\/#website\",\"url\":\"https:\/\/apesanteur.net\/\",\"name\":\"Apesanteur\",\"description\":\"Partenaire de vos travaux d&#039;acc\u00e8s difficiles en milieu industriel et urbain\",\"publisher\":{\"@id\":\"https:\/\/apesanteur.net\/#organization\"},\"alternateName\":\"Apensanteur\",\"potentialAction\":[{\"@type\":\"SearchAction\",\"target\":{\"@type\":\"EntryPoint\",\"urlTemplate\":\"https:\/\/apesanteur.net\/?s={search_term_string}\"},\"query-input\":{\"@type\":\"PropertyValueSpecification\",\"valueRequired\":true,\"valueName\":\"search_term_string\"}}],\"inLanguage\":\"fr-FR\"},{\"@type\":\"Organization\",\"@id\":\"https:\/\/apesanteur.net\/#organization\",\"name\":\"Apesanteur\",\"alternateName\":\"Apesanteur\",\"url\":\"https:\/\/apesanteur.net\/\",\"logo\":{\"@type\":\"ImageObject\",\"inLanguage\":\"fr-FR\",\"@id\":\"https:\/\/apesanteur.net\/#\/schema\/logo\/image\/\",\"url\":\"https:\/\/apesanteur.net\/wp-content\/uploads\/2023\/09\/logo_apesanteur_coul.png\",\"contentUrl\":\"https:\/\/apesanteur.net\/wp-content\/uploads\/2023\/09\/logo_apesanteur_coul.png\",\"width\":1504,\"height\":716,\"caption\":\"Apesanteur\"},\"image\":{\"@id\":\"https:\/\/apesanteur.net\/#\/schema\/logo\/image\/\"}}]}<\/script>\n<!-- \/ Yoast SEO plugin. -->","yoast_head_json":{"title":"DS Toiture, notre partenaire pour vos travaux de toiture - Apesanteur","description":"Apesanteur est une entreprise sp\u00e9cialis\u00e9e en travaux sur cordes \u00e0 Marseille. Nous intervenons en milieux d'acc\u00e8s difficiles.","robots":{"index":"index","follow":"follow","max-snippet":"max-snippet:-1","max-image-preview":"max-image-preview:large","max-video-preview":"max-video-preview:-1"},"canonical":"https:\/\/apesanteur.net\/index.php\/ds-toiture-notre-partenaire-pour-vos-travaux-de-toiture\/","og_locale":"fr_FR","og_type":"article","og_title":"DS Toiture, notre partenaire pour vos travaux de toiture - Apesanteur","og_description":"Apesanteur est une entreprise sp\u00e9cialis\u00e9e en travaux sur cordes \u00e0 Marseille. Nous intervenons en milieux d'acc\u00e8s difficiles.","og_url":"https:\/\/apesanteur.net\/index.php\/ds-toiture-notre-partenaire-pour-vos-travaux-de-toiture\/","og_site_name":"Apesanteur","article_modified_time":"2025-09-18T06:22:42+00:00","og_image":[{"url":"https:\/\/apesanteur.net\/wp-content\/uploads\/2025\/09\/DS-Toiture-SARL-1.jpg","type":"","width":"","height":""}],"twitter_card":"summary_large_image","twitter_misc":{"Dur\u00e9e de lecture estim\u00e9e":"4 minutes"},"schema":{"@context":"https:\/\/schema.org","@graph":[{"@type":"WebPage","@id":"https:\/\/apesanteur.net\/index.php\/ds-toiture-notre-partenaire-pour-vos-travaux-de-toiture\/","url":"https:\/\/apesanteur.net\/index.php\/ds-toiture-notre-partenaire-pour-vos-travaux-de-toiture\/","name":"DS Toiture, notre partenaire pour vos travaux de toiture - Apesanteur","isPartOf":{"@id":"https:\/\/apesanteur.net\/#website"},"primaryImageOfPage":{"@id":"https:\/\/apesanteur.net\/index.php\/ds-toiture-notre-partenaire-pour-vos-travaux-de-toiture\/#primaryimage"},"image":{"@id":"https:\/\/apesanteur.net\/index.php\/ds-toiture-notre-partenaire-pour-vos-travaux-de-toiture\/#primaryimage"},"thumbnailUrl":"https:\/\/apesanteur.net\/wp-content\/uploads\/2025\/09\/DS-Toiture-SARL-1.jpg","datePublished":"2025-09-17T16:13:32+00:00","dateModified":"2025-09-18T06:22:42+00:00","description":"Apesanteur est une entreprise sp\u00e9cialis\u00e9e en travaux sur cordes \u00e0 Marseille. Nous intervenons en milieux d'acc\u00e8s difficiles.","breadcrumb":{"@id":"https:\/\/apesanteur.net\/index.php\/ds-toiture-notre-partenaire-pour-vos-travaux-de-toiture\/#breadcrumb"},"inLanguage":"fr-FR","potentialAction":[{"@type":"ReadAction","target":["https:\/\/apesanteur.net\/index.php\/ds-toiture-notre-partenaire-pour-vos-travaux-de-toiture\/"]}]},{"@type":"ImageObject","inLanguage":"fr-FR","@id":"https:\/\/apesanteur.net\/index.php\/ds-toiture-notre-partenaire-pour-vos-travaux-de-toiture\/#primaryimage","url":"https:\/\/apesanteur.net\/wp-content\/uploads\/2025\/09\/DS-Toiture-SARL-1.jpg","contentUrl":"https:\/\/apesanteur.net\/wp-content\/uploads\/2025\/09\/DS-Toiture-SARL-1.jpg"},{"@type":"BreadcrumbList","@id":"https:\/\/apesanteur.net\/index.php\/ds-toiture-notre-partenaire-pour-vos-travaux-de-toiture\/#breadcrumb","itemListElement":[{"@type":"ListItem","position":1,"name":"Accueil","item":"https:\/\/apesanteur.net\/"},{"@type":"ListItem","position":2,"name":"DS Toiture, notre partenaire pour vos travaux de toiture"}]},{"@type":"WebSite","@id":"https:\/\/apesanteur.net\/#website","url":"https:\/\/apesanteur.net\/","name":"Apesanteur","description":"Partenaire de vos travaux d&#039;acc\u00e8s difficiles en milieu industriel et urbain","publisher":{"@id":"https:\/\/apesanteur.net\/#organization"},"alternateName":"Apensanteur","potentialAction":[{"@type":"SearchAction","target":{"@type":"EntryPoint","urlTemplate":"https:\/\/apesanteur.net\/?s={search_term_string}"},"query-input":{"@type":"PropertyValueSpecification","valueRequired":true,"valueName":"search_term_string"}}],"inLanguage":"fr-FR"},{"@type":"Organization","@id":"https:\/\/apesanteur.net\/#organization","name":"Apesanteur","alternateName":"Apesanteur","url":"https:\/\/apesanteur.net\/","logo":{"@type":"ImageObject","inLanguage":"fr-FR","@id":"https:\/\/apesanteur.net\/#\/schema\/logo\/image\/","url":"https:\/\/apesanteur.net\/wp-content\/uploads\/2023\/09\/logo_apesanteur_coul.png","contentUrl":"https:\/\/apesanteur.net\/wp-content\/uploads\/2023\/09\/logo_apesanteur_coul.png","width":1504,"height":716,"caption":"Apesanteur"},"image":{"@id":"https:\/\/apesanteur.net\/#\/schema\/logo\/image\/"}}]}},"_links":{"self":[{"href":"https:\/\/apesanteur.net\/index.php\/wp-json\/wp\/v2\/pages\/565","targetHints":{"allow":["GET"]}}],"collection":[{"href":"https:\/\/apesanteur.net\/index.php\/wp-json\/wp\/v2\/pages"}],"about":[{"href":"https:\/\/apesanteur.net\/index.php\/wp-json\/wp\/v2\/types\/page"}],"author":[{"embeddable":true,"href":"https:\/\/apesanteur.net\/index.php\/wp-json\/wp\/v2\/users\/1"}],"replies":[{"embeddable":true,"href":"https:\/\/apesanteur.net\/index.php\/wp-json\/wp\/v2\/comments?post=565"}],"version-history":[{"count":4,"href":"https:\/\/apesanteur.net\/index.php\/wp-json\/wp\/v2\/pages\/565\/revisions"}],"predecessor-version":[{"id":589,"href":"https:\/\/apesanteur.net\/index.php\/wp-json\/wp\/v2\/pages\/565\/revisions\/589"}],"wp:attachment":[{"href":"https:\/\/apesanteur.net\/index.php\/wp-json\/wp\/v2\/media?parent=565"}],"curies":[{"name":"wp","href":"https:\/\/api.w.org\/{rel}","templated":true}]}}